{"id":4718,"date":"2023-11-28T14:42:59","date_gmt":"2023-11-28T19:42:59","guid":{"rendered":"https:\/\/www.insumosambientales.com\/?page_id=4718"},"modified":"2023-11-28T14:52:52","modified_gmt":"2023-11-28T19:52:52","slug":"aseo-y-desinfeccion","status":"publish","type":"page","link":"https:\/\/www.insumosambientales.com\/aseo-y-desinfeccion\/","title":{"rendered":"Aseo y Desinfeccion"},"content":{"rendered":"<p>[vc_row css=&#8221;.vc_custom_1655921723847{padding-top: 7% !important;}&#8221;][vc_column][vc_row_inner][vc_column_inner][vc_custom_heading text=&#8221;Aseo y desinfecci\u00f3n&#8221; font_container=&#8221;tag:h2|font_size:2.125rem|text_align:center|color:%23100c82|line_height:1&#8243; use_theme_fonts=&#8221;yes&#8221; el_class=&#8221;mb-2&#8243;][vc_custom_heading text=&#8221;Insumos Ambientales&#8221; font_container=&#8221;tag:h5|font_size:1rem|text_align:center|color:%2300b146|line_height:1.2&#8243; use_theme_fonts=&#8221;yes&#8221; font_weight=&#8221;600&#8243; letter_spacing=&#8221;-.025em&#8221; el_class=&#8221;m-b-md pb-4&#8243; css=&#8221;.vc_custom_1655933813228{border-bottom-width: 1px !important;border-bottom-color: #e7e7e7 !important;border-bottom-style: solid !important;}&#8221;][\/vc_column_inner][\/vc_row_inner][\/vc_column][\/vc_row][vc_row css=&#8221;.vc_custom_1701193126099{padding-top: 2% !important;}&#8221;][vc_column][vc_row_inner content_placement=&#8221;middle&#8221;][vc_column_inner][vc_column_text]<\/p>\n<p style=\"text-align: justify;\">Dentro de las l\u00edneas que maneja INSUMOS AMBIENTALES S.A.S., encontramos los productos de limpieza, desinfecci\u00f3n y tratamiento biol\u00f3gico.<br \/>\nTodos estos con alto contenido enzim\u00e1tico y totalmente biodegradables, amigables con el Medio Ambiente.<br \/>\n<strong>Dentro de esta l\u00ednea encontramos productos con diferentes caracter\u00edsticas seg\u00fan sus necesidades: <\/strong><\/p>\n<p>[\/vc_column_text][\/vc_column_inner][\/vc_row_inner][vc_separator color=&#8221;custom&#8221; accent_color=&#8221;rgba(51,51,51,0.13)&#8221; css=&#8221;.vc_custom_1655922145862{margin-top: 40px !important;margin-bottom: 70px !important;}&#8221;][vc_row_inner content_placement=&#8221;middle&#8221;][vc_column_inner width=&#8221;2\/3&#8243;][vc_custom_heading text=&#8221;BIOCONTROL&#8221; font_container=&#8221;tag:h2|font_size:1.2rem|text_align:left|color:%23100c82|line_height:1&#8243; use_theme_fonts=&#8221;yes&#8221; el_class=&#8221;mb-2&#8243; css=&#8221;.vc_custom_1701200805910{padding-bottom: 20px !important;}&#8221;][vc_column_text]<\/p>\n<p style=\"text-align: justify;\">Es recomendado para aplicaciones industriales, institucionales y comerciales en sistemas y plantas de alcantarillados, pozos s\u00e9pticos, drenajes y tuber\u00edas, trampas de grasa, aguas residuales, pozos de desag\u00fce, lagunas de oxidaci\u00f3n y otras aplicaciones que requieran un r\u00e1pido, seguro y eficiente sistema para controlar y eliminar la contaminaci\u00f3n causada por desperdicios org\u00e1nicos y los malos olores que estos producen.<\/p>\n<p>[\/vc_column_text][\/vc_column_inner][vc_column_inner width=&#8221;1\/3&#8243;][vc_single_image image=&#8221;4728&#8243; img_size=&#8221;full&#8221;][\/vc_column_inner][\/vc_row_inner][vc_separator color=&#8221;custom&#8221; accent_color=&#8221;rgba(51,51,51,0.13)&#8221; css=&#8221;.vc_custom_1655922145862{margin-top: 40px !important;margin-bottom: 70px !important;}&#8221;][vc_row_inner content_placement=&#8221;middle&#8221;][vc_column_inner width=&#8221;1\/3&#8243;][vc_single_image image=&#8221;4729&#8243; img_size=&#8221;full&#8221; label=&#8221;&#8221;][\/vc_column_inner][vc_column_inner width=&#8221;2\/3&#8243;][vc_custom_heading text=&#8221;ODORCONTROL&#8221; font_container=&#8221;tag:h2|font_size:1.2rem|text_align:left|color:%23100c82|line_height:1&#8243; use_theme_fonts=&#8221;yes&#8221; el_class=&#8221;mb-2&#8243; css=&#8221;.vc_custom_1701200836101{padding-bottom: 20px !important;}&#8221;][vc_column_text]<\/p>\n<p style=\"text-align: justify;\">Suspensi\u00f3n concentrada de Enzimas hidrol\u00edticas que con aplicaci\u00f3n directa de este producto, se obtiene un control inmediato y residual de los malos olores causados por materia org\u00e1nica en descomposici\u00f3n, basura, humedad, moho, excrementos y otros tipos de desperdicios o desechos org\u00e1nicos contaminantes.<\/p>\n<p>[\/vc_column_text][\/vc_column_inner][\/vc_row_inner][vc_separator color=&#8221;custom&#8221; accent_color=&#8221;rgba(51,51,51,0.13)&#8221; css=&#8221;.vc_custom_1655922145862{margin-top: 40px !important;margin-bottom: 70px !important;}&#8221;][vc_row_inner content_placement=&#8221;middle&#8221;][vc_column_inner width=&#8221;2\/3&#8243;][vc_custom_heading text=&#8221;DESENGRASANTE C\u00cdTRICO NATURAL&#8221; font_container=&#8221;tag:h2|font_size:1.2rem|text_align:left|color:%23100c82|line_height:1&#8243; use_theme_fonts=&#8221;yes&#8221; el_class=&#8221;mb-2&#8243; css=&#8221;.vc_custom_1701200861156{padding-bottom: 20px !important;}&#8221;][vc_column_text]<\/p>\n<p style=\"text-align: justify;\">Es un producto a base de solventes derivados de la c\u00e1scara de la naranja. Remueve grasas, aceite, carb\u00f3n y mugre industrial en todo tipo de superficies lavables. Es un eficiente detergente industrial para trabajos pesados de limpieza. Se recomienda para pisos, paredes, maquinarias, equipos, y cualquier otra superficie lavable.<\/p>\n<p>[\/vc_column_text][\/vc_column_inner][vc_column_inner width=&#8221;1\/3&#8243;][vc_single_image image=&#8221;4727&#8243; img_size=&#8221;full&#8221; label=&#8221;&#8221;][\/vc_column_inner][\/vc_row_inner][vc_separator color=&#8221;custom&#8221; accent_color=&#8221;rgba(51,51,51,0.13)&#8221; css=&#8221;.vc_custom_1655922145862{margin-top: 40px !important;margin-bottom: 70px !important;}&#8221;][vc_row_inner content_placement=&#8221;middle&#8221;][vc_column_inner width=&#8221;1\/3&#8243;][vc_single_image image=&#8221;4725&#8243; img_size=&#8221;full&#8221; label=&#8221;&#8221;][\/vc_column_inner][vc_column_inner width=&#8221;2\/3&#8243;][vc_custom_heading text=&#8221;DETERGENTE ENZIM\u00c1TICO&#8221; font_container=&#8221;tag:h2|font_size:1.2rem|text_align:left|color:%23100c82|line_height:1&#8243; use_theme_fonts=&#8221;yes&#8221; el_class=&#8221;mb-2&#8243; css=&#8221;.vc_custom_1701200924884{padding-bottom: 20px !important;}&#8221;][vc_column_text]<\/p>\n<p style=\"text-align: justify;\">Es una f\u00f3rmula l\u00edquida concentrada y estabilizada que contiene Enzimas hidrol\u00edticas que degradan y solubilizan carbohidratos, prote\u00ednas y residuos l\u00edpidos a la vez que neutraliza malos olores. Producto activo Biol\u00f3gicamente y ben\u00e9fico para el medio ambiente.<\/p>\n<p>[\/vc_column_text][\/vc_column_inner][\/vc_row_inner][vc_separator color=&#8221;custom&#8221; accent_color=&#8221;rgba(51,51,51,0.13)&#8221; css=&#8221;.vc_custom_1655922145862{margin-top: 40px !important;margin-bottom: 70px !important;}&#8221;][vc_row_inner content_placement=&#8221;middle&#8221;][vc_column_inner width=&#8221;2\/3&#8243;][vc_custom_heading text=&#8221;DETERGENTE DESINFECTANTE&#8221; font_container=&#8221;tag:h2|font_size:1.2rem|text_align:left|color:%23100c82|line_height:1&#8243; use_theme_fonts=&#8221;yes&#8221; el_class=&#8221;mb-2&#8243; css=&#8221;.vc_custom_1701200945403{padding-bottom: 20px !important;}&#8221;][vc_column_text]<\/p>\n<p style=\"text-align: justify;\">Es un producto de gran efectividad Virucida, bactericida, mildiucida, fungicida e higienizante. Esta formulaci\u00f3n no contiene fosfatos y est\u00e1 especialmente dise\u00f1ada para realizar una profunda limpieza, desinfecci\u00f3n, desodorizaci\u00f3n e higienizaci\u00f3n en aplicaciones institucionales en hospitales, cl\u00ednicas, centros de salud, dentister\u00edas y otras instituciones en donde es importante y necesario el controlar posibles contaminaciones.<\/p>\n<p>[\/vc_column_text][\/vc_column_inner][vc_column_inner width=&#8221;1\/3&#8243;][vc_single_image image=&#8221;4726&#8243; img_size=&#8221;full&#8221; label=&#8221;&#8221;][\/vc_column_inner][\/vc_row_inner][\/vc_column][\/vc_row]<\/p>\n","protected":false},"excerpt":{"rendered":"<p>[vc_row css=&#8221;.vc_custom_1655921723847{padding-top: 7% !important;}&#8221;][vc_column][vc_row_inner][vc_column_inner][vc_custom_heading text=&#8221;Aseo y desinfecci\u00f3n&#8221; font_container=&#8221;tag:h2|font_size:2.125rem|text_align:center|color:%23100c82|line_height:1&#8243; use_theme_fonts=&#8221;yes&#8221; el_class=&#8221;mb-2&#8243;][vc_custom_heading text=&#8221;Insumos Ambientales&#8221; font_container=&#8221;tag:h5|font_size:1rem|text_align:center|color:%2300b146|line_height:1.2&#8243; use_theme_fonts=&#8221;yes&#8221; font_weight=&#8221;600&#8243; letter_spacing=&#8221;-.025em&#8221; el_class=&#8221;m-b-md pb-4&#8243; css=&#8221;.vc_custom_1655933813228{border-bottom-width: 1px !important;border-bottom-color: #e7e7e7 !important;border-bottom-style: solid !important;}&#8221;][\/vc_column_inner][\/vc_row_inner][\/vc_column][\/vc_row][vc_row css=&#8221;.vc_custom_1701193126099{padding-top: 2% !important;}&#8221;][vc_column][vc_row_inner content_placement=&#8221;middle&#8221;][vc_column_inner][vc_column_text] Dentro de las l\u00edneas que maneja INSUMOS AMBIENTALES S.A.S., encontramos los productos de limpieza, desinfecci\u00f3n y tratamiento biol\u00f3gico. Todos estos con alto contenido enzim\u00e1tico y totalmente [&hellip;]<\/p>\n","protected":false},"author":1,"featured_media":0,"parent":0,"menu_order":0,"comment_status":"closed","ping_status":"closed","template":"","meta":{"footnotes":""},"class_list":["post-4718","page","type-page","status-publish","hentry"],"yoast_head":"<!-- This site is optimized with the Yoast SEO plugin v27.1.1 - https:\/\/yoast.com\/product\/yoast-seo-wordpress\/ -->\n<title>Aseo y Desinfeccion | Insumos ambientales<\/title>\n<meta name=\"robots\" content=\"index, follow, max-snippet:-1, max-image-preview:large, max-video-preview:-1\" \/>\n<link rel=\"canonical\" href=\"https:\/\/www.insumosambientales.com\/aseo-y-desinfeccion\/\" \/>\n<meta property=\"og:locale\" content=\"es_ES\" \/>\n<meta property=\"og:type\" content=\"article\" \/>\n<meta property=\"og:title\" content=\"Aseo y Desinfeccion | Insumos ambientales\" \/>\n<meta property=\"og:description\" content=\"[vc_row css=&#8221;.vc_custom_1655921723847{padding-top: 7% !important;}&#8221;][vc_column][vc_row_inner][vc_column_inner][vc_custom_heading text=&#8221;Aseo y desinfecci\u00f3n&#8221; font_container=&#8221;tag:h2|font_size:2.125rem|text_align:center|color:%23100c82|line_height:1&#8243; use_theme_fonts=&#8221;yes&#8221; el_class=&#8221;mb-2&#8243;][vc_custom_heading text=&#8221;Insumos Ambientales&#8221; font_container=&#8221;tag:h5|font_size:1rem|text_align:center|color:%2300b146|line_height:1.2&#8243; use_theme_fonts=&#8221;yes&#8221; font_weight=&#8221;600&#8243; letter_spacing=&#8221;-.025em&#8221; el_class=&#8221;m-b-md pb-4&#8243; css=&#8221;.vc_custom_1655933813228{border-bottom-width: 1px !important;border-bottom-color: #e7e7e7 !important;border-bottom-style: solid !important;}&#8221;][\/vc_column_inner][\/vc_row_inner][\/vc_column][\/vc_row][vc_row css=&#8221;.vc_custom_1701193126099{padding-top: 2% !important;}&#8221;][vc_column][vc_row_inner content_placement=&#8221;middle&#8221;][vc_column_inner][vc_column_text] Dentro de las l\u00edneas que maneja INSUMOS AMBIENTALES S.A.S., encontramos los productos de limpieza, desinfecci\u00f3n y tratamiento biol\u00f3gico. Todos estos con alto contenido enzim\u00e1tico y totalmente [&hellip;]\" \/>\n<meta property=\"og:url\" content=\"https:\/\/www.insumosambientales.com\/aseo-y-desinfeccion\/\" \/>\n<meta property=\"og:site_name\" content=\"Insumos ambientales\" \/>\n<meta property=\"article:publisher\" content=\"https:\/\/es-la.facebook.com\/insumosambientales.limitada\/\" \/>\n<meta property=\"article:modified_time\" content=\"2023-11-28T19:52:52+00:00\" \/>\n<meta property=\"og:image\" content=\"https:\/\/www.insumosambientales.com\/aseo-y-desinfeccion\/wp-content\/uploads\/2022\/05\/logo.webp\" \/>\n\t<meta property=\"og:image:width\" content=\"352\" \/>\n\t<meta property=\"og:image:height\" content=\"179\" \/>\n\t<meta property=\"og:image:type\" content=\"image\/webp\" \/>\n<meta name=\"twitter:card\" content=\"summary_large_image\" \/>\n<meta name=\"twitter:label1\" content=\"Tiempo de lectura\" \/>\n\t<meta name=\"twitter:data1\" content=\"4 minutos\" \/>\n<script type=\"application\/ld+json\" class=\"yoast-schema-graph\">{\"@context\":\"https:\/\/schema.org\",\"@graph\":[{\"@type\":\"WebPage\",\"@id\":\"https:\/\/www.insumosambientales.com\/aseo-y-desinfeccion\/\",\"url\":\"https:\/\/www.insumosambientales.com\/aseo-y-desinfeccion\/\",\"name\":\"Aseo y Desinfeccion | Insumos ambientales\",\"isPartOf\":{\"@id\":\"https:\/\/www.insumosambientales.com\/aseo-y-desinfeccion\/#website\"},\"datePublished\":\"2023-11-28T19:42:59+00:00\",\"dateModified\":\"2023-11-28T19:52:52+00:00\",\"breadcrumb\":{\"@id\":\"https:\/\/www.insumosambientales.com\/aseo-y-desinfeccion\/#breadcrumb\"},\"inLanguage\":\"es-CO\",\"potentialAction\":[{\"@type\":\"ReadAction\",\"target\":[\"https:\/\/www.insumosambientales.com\/aseo-y-desinfeccion\/\"]}]},{\"@type\":\"BreadcrumbList\",\"@id\":\"https:\/\/www.insumosambientales.com\/aseo-y-desinfeccion\/#breadcrumb\",\"itemListElement\":[{\"@type\":\"ListItem\",\"position\":1,\"name\":\"Inicio\",\"item\":\"https:\/\/www.insumosambientales.com\/aseo-y-desinfeccion\/\"},{\"@type\":\"ListItem\",\"position\":2,\"name\":\"Aseo y Desinfeccion\"}]},{\"@type\":\"WebSite\",\"@id\":\"https:\/\/www.insumosambientales.com\/aseo-y-desinfeccion\/#website\",\"url\":\"https:\/\/www.insumosambientales.com\/aseo-y-desinfeccion\/\",\"name\":\"insumosambientales.com\",\"description\":\"Trampas de Grasas Medellin\",\"publisher\":{\"@id\":\"https:\/\/www.insumosambientales.com\/aseo-y-desinfeccion\/#organization\"},\"alternateName\":\"insumos ambientales\",\"potentialAction\":[{\"@type\":\"SearchAction\",\"target\":{\"@type\":\"EntryPoint\",\"urlTemplate\":\"https:\/\/www.insumosambientales.com\/aseo-y-desinfeccion\/?s={search_term_string}\"},\"query-input\":{\"@type\":\"PropertyValueSpecification\",\"valueRequired\":true,\"valueName\":\"search_term_string\"}}],\"inLanguage\":\"es-CO\"},{\"@type\":\"Organization\",\"@id\":\"https:\/\/www.insumosambientales.com\/aseo-y-desinfeccion\/#organization\",\"name\":\"Insumos ambientales\",\"url\":\"https:\/\/www.insumosambientales.com\/aseo-y-desinfeccion\/\",\"logo\":{\"@type\":\"ImageObject\",\"inLanguage\":\"es-CO\",\"@id\":\"https:\/\/www.insumosambientales.com\/aseo-y-desinfeccion\/#\/schema\/logo\/image\/\",\"url\":\"https:\/\/www.insumosambientales.com\/wp-content\/uploads\/2022\/05\/logo.webp\",\"contentUrl\":\"https:\/\/www.insumosambientales.com\/wp-content\/uploads\/2022\/05\/logo.webp\",\"width\":352,\"height\":179,\"caption\":\"Insumos ambientales\"},\"image\":{\"@id\":\"https:\/\/www.insumosambientales.com\/aseo-y-desinfeccion\/#\/schema\/logo\/image\/\"},\"sameAs\":[\"https:\/\/es-la.facebook.com\/insumosambientales.limitada\/\",\"https:\/\/www.instagram.com\/insumos_ambientales_s.a.s\/?hl=es-la\"]}]}<\/script>\n<!-- \/ Yoast SEO plugin. -->","yoast_head_json":{"title":"Aseo y Desinfeccion | Insumos ambientales","robots":{"index":"index","follow":"follow","max-snippet":"max-snippet:-1","max-image-preview":"max-image-preview:large","max-video-preview":"max-video-preview:-1"},"canonical":"https:\/\/www.insumosambientales.com\/aseo-y-desinfeccion\/","og_locale":"es_ES","og_type":"article","og_title":"Aseo y Desinfeccion | Insumos ambientales","og_description":"[vc_row css=&#8221;.vc_custom_1655921723847{padding-top: 7% !important;}&#8221;][vc_column][vc_row_inner][vc_column_inner][vc_custom_heading text=&#8221;Aseo y desinfecci\u00f3n&#8221; font_container=&#8221;tag:h2|font_size:2.125rem|text_align:center|color:%23100c82|line_height:1&#8243; use_theme_fonts=&#8221;yes&#8221; el_class=&#8221;mb-2&#8243;][vc_custom_heading text=&#8221;Insumos Ambientales&#8221; font_container=&#8221;tag:h5|font_size:1rem|text_align:center|color:%2300b146|line_height:1.2&#8243; use_theme_fonts=&#8221;yes&#8221; font_weight=&#8221;600&#8243; letter_spacing=&#8221;-.025em&#8221; el_class=&#8221;m-b-md pb-4&#8243; css=&#8221;.vc_custom_1655933813228{border-bottom-width: 1px !important;border-bottom-color: #e7e7e7 !important;border-bottom-style: solid !important;}&#8221;][\/vc_column_inner][\/vc_row_inner][\/vc_column][\/vc_row][vc_row css=&#8221;.vc_custom_1701193126099{padding-top: 2% !important;}&#8221;][vc_column][vc_row_inner content_placement=&#8221;middle&#8221;][vc_column_inner][vc_column_text] Dentro de las l\u00edneas que maneja INSUMOS AMBIENTALES S.A.S., encontramos los productos de limpieza, desinfecci\u00f3n y tratamiento biol\u00f3gico. Todos estos con alto contenido enzim\u00e1tico y totalmente [&hellip;]","og_url":"https:\/\/www.insumosambientales.com\/aseo-y-desinfeccion\/","og_site_name":"Insumos ambientales","article_publisher":"https:\/\/es-la.facebook.com\/insumosambientales.limitada\/","article_modified_time":"2023-11-28T19:52:52+00:00","og_image":[{"width":352,"height":179,"url":"https:\/\/www.insumosambientales.com\/aseo-y-desinfeccion\/wp-content\/uploads\/2022\/05\/logo.webp","type":"image\/webp"}],"twitter_card":"summary_large_image","twitter_misc":{"Tiempo de lectura":"4 minutos"},"schema":{"@context":"https:\/\/schema.org","@graph":[{"@type":"WebPage","@id":"https:\/\/www.insumosambientales.com\/aseo-y-desinfeccion\/","url":"https:\/\/www.insumosambientales.com\/aseo-y-desinfeccion\/","name":"Aseo y Desinfeccion | Insumos ambientales","isPartOf":{"@id":"https:\/\/www.insumosambientales.com\/aseo-y-desinfeccion\/#website"},"datePublished":"2023-11-28T19:42:59+00:00","dateModified":"2023-11-28T19:52:52+00:00","breadcrumb":{"@id":"https:\/\/www.insumosambientales.com\/aseo-y-desinfeccion\/#breadcrumb"},"inLanguage":"es-CO","potentialAction":[{"@type":"ReadAction","target":["https:\/\/www.insumosambientales.com\/aseo-y-desinfeccion\/"]}]},{"@type":"BreadcrumbList","@id":"https:\/\/www.insumosambientales.com\/aseo-y-desinfeccion\/#breadcrumb","itemListElement":[{"@type":"ListItem","position":1,"name":"Inicio","item":"https:\/\/www.insumosambientales.com\/aseo-y-desinfeccion\/"},{"@type":"ListItem","position":2,"name":"Aseo y Desinfeccion"}]},{"@type":"WebSite","@id":"https:\/\/www.insumosambientales.com\/aseo-y-desinfeccion\/#website","url":"https:\/\/www.insumosambientales.com\/aseo-y-desinfeccion\/","name":"insumosambientales.com","description":"Trampas de Grasas Medellin","publisher":{"@id":"https:\/\/www.insumosambientales.com\/aseo-y-desinfeccion\/#organization"},"alternateName":"insumos ambientales","potentialAction":[{"@type":"SearchAction","target":{"@type":"EntryPoint","urlTemplate":"https:\/\/www.insumosambientales.com\/aseo-y-desinfeccion\/?s={search_term_string}"},"query-input":{"@type":"PropertyValueSpecification","valueRequired":true,"valueName":"search_term_string"}}],"inLanguage":"es-CO"},{"@type":"Organization","@id":"https:\/\/www.insumosambientales.com\/aseo-y-desinfeccion\/#organization","name":"Insumos ambientales","url":"https:\/\/www.insumosambientales.com\/aseo-y-desinfeccion\/","logo":{"@type":"ImageObject","inLanguage":"es-CO","@id":"https:\/\/www.insumosambientales.com\/aseo-y-desinfeccion\/#\/schema\/logo\/image\/","url":"https:\/\/www.insumosambientales.com\/wp-content\/uploads\/2022\/05\/logo.webp","contentUrl":"https:\/\/www.insumosambientales.com\/wp-content\/uploads\/2022\/05\/logo.webp","width":352,"height":179,"caption":"Insumos ambientales"},"image":{"@id":"https:\/\/www.insumosambientales.com\/aseo-y-desinfeccion\/#\/schema\/logo\/image\/"},"sameAs":["https:\/\/es-la.facebook.com\/insumosambientales.limitada\/","https:\/\/www.instagram.com\/insumos_ambientales_s.a.s\/?hl=es-la"]}]}},"_links":{"self":[{"href":"https:\/\/www.insumosambientales.com\/aseo-y-desinfeccion\/wp-json\/wp\/v2\/pages\/4718","targetHints":{"allow":["GET"]}}],"collection":[{"href":"https:\/\/www.insumosambientales.com\/aseo-y-desinfeccion\/wp-json\/wp\/v2\/pages"}],"about":[{"href":"https:\/\/www.insumosambientales.com\/aseo-y-desinfeccion\/wp-json\/wp\/v2\/types\/page"}],"author":[{"embeddable":true,"href":"https:\/\/www.insumosambientales.com\/aseo-y-desinfeccion\/wp-json\/wp\/v2\/users\/1"}],"replies":[{"embeddable":true,"href":"https:\/\/www.insumosambientales.com\/aseo-y-desinfeccion\/wp-json\/wp\/v2\/comments?post=4718"}],"version-history":[{"count":0,"href":"https:\/\/www.insumosambientales.com\/aseo-y-desinfeccion\/wp-json\/wp\/v2\/pages\/4718\/revisions"}],"wp:attachment":[{"href":"https:\/\/www.insumosambientales.com\/aseo-y-desinfeccion\/wp-json\/wp\/v2\/media?parent=4718"}],"curies":[{"name":"wp","href":"https:\/\/api.w.org\/{rel}","templated":true}]}}