{"id":4366,"date":"2022-06-22T12:49:33","date_gmt":"2022-06-22T17:49:33","guid":{"rendered":"https:\/\/www.insumosambientales.com\/?page_id=4366"},"modified":"2022-08-16T11:26:26","modified_gmt":"2022-08-16T16:26:26","slug":"control-de-olores","status":"publish","type":"page","link":"https:\/\/www.insumosambientales.com\/control-de-olores\/","title":{"rendered":"Control de olores"},"content":{"rendered":"<p>[vc_row css=&#8221;.vc_custom_1655921723847{padding-top: 7% !important;}&#8221;][vc_column][vc_row_inner][vc_column_inner][vc_custom_heading text=&#8221;Control de olores&#8221; font_container=&#8221;tag:h2|font_size:2.125rem|text_align:center|color:%23100c82|line_height:1&#8243; use_theme_fonts=&#8221;yes&#8221; el_class=&#8221;mb-2&#8243;][vc_custom_heading text=&#8221;Dentro de los servicios que INSUMOS AMBIENTALES S.A.S. tiene para sus clientes tenemos el Control Profesional de Olores.<\/p>\n<p>A nivel industrial y del hogar nos encontramos con m\u00faltiples componentes que pueden ocasionar malos olores:&#8221; font_container=&#8221;tag:h5|font_size:1rem|text_align:center|color:%2300b146|line_height:1.2&#8243; use_theme_fonts=&#8221;yes&#8221; font_weight=&#8221;600&#8243; letter_spacing=&#8221;-.025em&#8221; el_class=&#8221;m-b-md pb-4&#8243; css=&#8221;.vc_custom_1655921392722{border-bottom-width: 1px !important;border-bottom-color: #e7e7e7 !important;border-bottom-style: solid !important;}&#8221;][\/vc_column_inner][\/vc_row_inner][vc_row_inner content_placement=&#8221;middle&#8221;][vc_column_inner width=&#8221;1\/2&#8243;][vc_custom_heading text=&#8221;Sector Industrial&#8221; font_container=&#8221;tag:h2|font_size:1.2rem|text_align:left|color:%23100c82|line_height:1&#8243; use_theme_fonts=&#8221;yes&#8221; el_class=&#8221;mb-2&#8243;]<style>#porto-info-list181742075569d03456794f7 i { color: #100c82;font-size: 20px; }<\/style><ul id=\"porto-info-list181742075569d03456794f7\" class=\"porto-info-list \"><li class=\"porto-info-list-item\"><i class=\"porto-info-icon fas fa-chevron-circle-right\"><\/i><div class=\"porto-info-list-item-desc\">Cuartos de basuras<br \/>\n<\/div><\/li><li class=\"porto-info-list-item\"><i class=\"porto-info-icon fas fa-chevron-circle-right\"><\/i><div class=\"porto-info-list-item-desc\">Cafetines<\/div><\/li><li class=\"porto-info-list-item\"><i class=\"porto-info-icon fas fa-chevron-circle-right\"><\/i><div class=\"porto-info-list-item-desc\">Sifones de empresas relacionadas con industrias de alimentos (c\u00e1rnicos, l\u00e1cteos, panificadoras \u2013 reposter\u00edas, embotelladoras de bebidas, restaurantes, entre otros).<\/div><\/li><li class=\"porto-info-list-item\"><i class=\"porto-info-icon fas fa-chevron-circle-right\"><\/i><div class=\"porto-info-list-item-desc\">Zonas donde se encuentran los sistemas de pre-tratamiento (trampas de grasa).<br \/>\n<\/div><\/li><li class=\"porto-info-list-item\"><i class=\"porto-info-icon fas fa-chevron-circle-right\"><\/i><div class=\"porto-info-list-item-desc\">Sanitarios<br \/>\n<\/div><\/li><li class=\"porto-info-list-item\"><i class=\"porto-info-icon fas fa-chevron-circle-right\"><\/i><div class=\"porto-info-list-item-desc\">Ductos de Aguas Residuales<br \/>\n<\/div><\/li><li class=\"porto-info-list-item\"><i class=\"porto-info-icon fas fa-chevron-circle-right\"><\/i><div class=\"porto-info-list-item-desc\">En algunos casos zonas de compostaje<br \/>\n<\/div><\/li><li class=\"porto-info-list-item\"><i class=\"porto-info-icon fas fa-chevron-circle-right\"><\/i><div class=\"porto-info-list-item-desc\">Ca\u00f1er\u00edas<br \/>\n<\/div><\/li><li class=\"porto-info-list-item\"><i class=\"porto-info-icon fas fa-chevron-circle-right\"><\/i><div class=\"porto-info-list-item-desc\">S\u00f3tanos y zonas de almacenaje<br \/>\n<\/div><\/li><li class=\"porto-info-list-item\"><i class=\"porto-info-icon fas fa-chevron-circle-right\"><\/i><div class=\"porto-info-list-item-desc\">Rejillas<\/div><\/li><li class=\"porto-info-list-item\"><i class=\"porto-info-icon fas fa-chevron-circle-right\"><\/i><div class=\"porto-info-list-item-desc\">Basureros municipales<br \/>\n<\/div><\/li><\/ul>[\/vc_column_inner][vc_column_inner width=&#8221;1\/2&#8243;][vc_media_grid element_width=&#8221;6&#8243; grid_id=&#8221;vc_gid:1660667141540-44a68c7f-7f66-9&#8243; include=&#8221;4376,4377,4378,4379&#8243;][\/vc_column_inner][\/vc_row_inner][vc_separator color=&#8221;custom&#8221; accent_color=&#8221;rgba(51,51,51,0.13)&#8221; css=&#8221;.vc_custom_1655922145862{margin-top: 40px !important;margin-bottom: 70px !important;}&#8221;][vc_row_inner content_placement=&#8221;middle&#8221;][vc_column_inner width=&#8221;1\/2&#8243;][vc_media_grid element_width=&#8221;6&#8243; grid_id=&#8221;vc_gid:1660667141541-46cf39a5-a18b-9&#8243; include=&#8221;4387,4388,4389,4390&#8243;][\/vc_column_inner][vc_column_inner width=&#8221;1\/2&#8243;][vc_custom_heading text=&#8221;Hogar&#8221; font_container=&#8221;tag:h2|font_size:1.2rem|text_align:left|color:%23100c82|line_height:1&#8243; use_theme_fonts=&#8221;yes&#8221; el_class=&#8221;mb-2&#8243;]<style>#porto-info-list128409167969d0345679d36 i { color: #100c82;font-size: 20px; }<\/style><ul id=\"porto-info-list128409167969d0345679d36\" class=\"porto-info-list \"><li class=\"porto-info-list-item\"><i class=\"porto-info-icon fas fa-chevron-circle-right\"><\/i><div class=\"porto-info-list-item-desc\">Cocinas<br \/>\n<\/div><\/li><li class=\"porto-info-list-item\"><i class=\"porto-info-icon fas fa-chevron-circle-right\"><\/i><div class=\"porto-info-list-item-desc\">Sanitarios<br \/>\n<\/div><\/li><li class=\"porto-info-list-item\"><i class=\"porto-info-icon fas fa-chevron-circle-right\"><\/i><div class=\"porto-info-list-item-desc\">Ductos de aguas residuales<br \/>\n<\/div><\/li><li class=\"porto-info-list-item\"><i class=\"porto-info-icon fas fa-chevron-circle-right\"><\/i><div class=\"porto-info-list-item-desc\">Sifones en ba\u00f1os, patios.<br \/>\n<\/div><\/li><li class=\"porto-info-list-item\"><i class=\"porto-info-icon fas fa-chevron-circle-right\"><\/i><div class=\"porto-info-list-item-desc\">Desag\u00fce de lavadoras<br \/>\n<\/div><\/li><li class=\"porto-info-list-item\"><i class=\"porto-info-icon fas fa-chevron-circle-right\"><\/i><div class=\"porto-info-list-item-desc\">Recolecci\u00f3n de residuos org\u00e1nicos<br \/>\n<\/div><\/li><li class=\"porto-info-list-item\"><i class=\"porto-info-icon fas fa-chevron-circle-right\"><\/i><div class=\"porto-info-list-item-desc\">Basureras<br \/>\n<\/div><\/li><li class=\"porto-info-list-item\"><i class=\"porto-info-icon fas fa-chevron-circle-right\"><\/i><div class=\"porto-info-list-item-desc\">S\u00f3tanos o cuartos \u00fatiles<br \/>\n<\/div><\/li><li class=\"porto-info-list-item\"><i class=\"porto-info-icon fas fa-chevron-circle-right\"><\/i><div class=\"porto-info-list-item-desc\">Lugares de estar de las mascotas<br \/>\n<\/div><\/li><\/ul>[\/vc_column_inner][\/vc_row_inner][vc_separator color=&#8221;custom&#8221; accent_color=&#8221;rgba(51,51,51,0.13)&#8221; css=&#8221;.vc_custom_1655922145862{margin-top: 40px !important;margin-bottom: 70px !important;}&#8221;][vc_row_inner content_placement=&#8221;middle&#8221;][vc_column_inner width=&#8221;1\/2&#8243;][vc_custom_heading text=&#8221;Fincas y sector agro&#8221; font_container=&#8221;tag:h2|font_size:1.2rem|text_align:left|color:%23100c82|line_height:1&#8243; use_theme_fonts=&#8221;yes&#8221; el_class=&#8221;mb-2&#8243;]<style>#porto-info-list206632995769d034567a04c i { color: #100c82;font-size: 20px; }<\/style><ul id=\"porto-info-list206632995769d034567a04c\" class=\"porto-info-list \"><li class=\"porto-info-list-item\"><i class=\"porto-info-icon fas fa-chevron-circle-right\"><\/i><div class=\"porto-info-list-item-desc\">Galpones<br \/>\n<\/div><\/li><li class=\"porto-info-list-item\"><i class=\"porto-info-icon fas fa-chevron-circle-right\"><\/i><div class=\"porto-info-list-item-desc\">Corrales<br \/>\n<\/div><\/li><li class=\"porto-info-list-item\"><i class=\"porto-info-icon fas fa-chevron-circle-right\"><\/i><div class=\"porto-info-list-item-desc\">Ductos de aguas residuales<br \/>\n<\/div><\/li><li class=\"porto-info-list-item\"><i class=\"porto-info-icon fas fa-chevron-circle-right\"><\/i><div class=\"porto-info-list-item-desc\">Desag\u00fces<br \/>\n<\/div><\/li><li class=\"porto-info-list-item\"><i class=\"porto-info-icon fas fa-chevron-circle-right\"><\/i><div class=\"porto-info-list-item-desc\">Recolecci\u00f3n de residuos org\u00e1nicos<br \/>\n<\/div><\/li><li class=\"porto-info-list-item\"><i class=\"porto-info-icon fas fa-chevron-circle-right\"><\/i><div class=\"porto-info-list-item-desc\">Basureros<br \/>\n<\/div><\/li><li class=\"porto-info-list-item\"><i class=\"porto-info-icon fas fa-chevron-circle-right\"><\/i><div class=\"porto-info-list-item-desc\">S\u00f3tanos o cuartos \u00fatiles<br \/>\n<\/div><\/li><li class=\"porto-info-list-item\"><i class=\"porto-info-icon fas fa-chevron-circle-right\"><\/i><div class=\"porto-info-list-item-desc\">Lugares de estar de las mascotas<br \/>\n<\/div><\/li><\/ul>[\/vc_column_inner][vc_column_inner width=&#8221;1\/2&#8243;][vc_media_grid element_width=&#8221;6&#8243; grid_id=&#8221;vc_gid:1660667141544-d654d434-5862-6&#8243; include=&#8221;4394,4395&#8243;][\/vc_column_inner][\/vc_row_inner][vc_separator color=&#8221;custom&#8221; accent_color=&#8221;rgba(51,51,51,0.13)&#8221; css=&#8221;.vc_custom_1655922145862{margin-top: 40px !important;margin-bottom: 70px !important;}&#8221;][vc_row_inner][vc_column_inner][vc_custom_heading text=&#8221;Como combatirlos&#8221; font_container=&#8221;tag:h2|font_size:2.125rem|text_align:left|color:%23100c82|line_height:1&#8243; use_theme_fonts=&#8221;yes&#8221; el_class=&#8221;mb-2&#8243;][vc_column_text]<\/p>\n<p style=\"text-align: justify;\">Existen numerosas actividades que emiten una serie de sustancias con olores desagradables, generados en su mayor\u00eda por la descomposici\u00f3n de materia org\u00e1nica. Los malos olores en el entorno suelen ser molestos, causa de rechazo y afectan la calidad de vida de las personas.<\/p>\n<p style=\"text-align: justify;\">Es por todo esto que INSUMOS AMBIENTALES S.A.S., pensando en una soluci\u00f3n a estos problemas ofrece dos productos pensados en el Control Profesional de Olores y un Tratamiento Biol\u00f3gico, son altamente efectivos debido a su composici\u00f3n especialmente elaborada, 100% Biodegradables.[\/vc_column_text][\/vc_column_inner][\/vc_row_inner][vc_row_inner content_placement=&#8221;middle&#8221;][vc_column_inner width=&#8221;1\/2&#8243;][vc_column_text]<\/p>\n<p style=\"text-align: justify;\"><strong>ODORCONTROL<\/strong>, suspensi\u00f3n concentrada de Enzimas hidrol\u00edticas que con aplicaci\u00f3n directa de este producto, se obtiene un control inmediato y residual de los malos olores causados por materia org\u00e1nica en descomposici\u00f3n, basura, humedad, moho, excrementos y otros tipos de desperdicios o desechos org\u00e1nicos contaminantes.<br \/>\n[\/vc_column_text][\/vc_column_inner][vc_column_inner width=&#8221;1\/2&#8243;][vc_single_image image=&#8221;4548&#8243; img_size=&#8221;357&#215;309&#8243; alignment=&#8221;center&#8221; label=&#8221;&#8221;][\/vc_column_inner][\/vc_row_inner][vc_row_inner content_placement=&#8221;middle&#8221;][vc_column_inner width=&#8221;1\/2&#8243;][vc_single_image image=&#8221;4401&#8243; img_size=&#8221;full&#8221;][\/vc_column_inner][vc_column_inner width=&#8221;1\/2&#8243;][vc_column_text]<\/p>\n<p style=\"text-align: justify;\"><strong>BIOCONTROL<\/strong> es recomendado para aplicaciones industriales, institucionales y comerciales en sistemas y plantas de alcantarillados, pozos s\u00e9pticos, drenajes y tuber\u00edas, trampas de grasa, aguas residuales, pozos de desag\u00fce, y otras aplicaciones que requieran un r\u00e1pido, y eficiente sistema para controlar y eliminar la contaminaci\u00f3n causada por desperdicios org\u00e1nicos y los malos olores que estos producen.[\/vc_column_text][\/vc_column_inner][\/vc_row_inner][\/vc_column][\/vc_row][vc_row][vc_column][vc_column_text]<\/p>\n<p>[\/vc_column_text][\/vc_column][\/vc_row]<\/p>\n","protected":false},"excerpt":{"rendered":"<p>[vc_row css=&#8221;.vc_custom_1655921723847{padding-top: 7% !important;}&#8221;][vc_column][vc_row_inner][vc_column_inner][vc_custom_heading text=&#8221;Control de olores&#8221; font_container=&#8221;tag:h2|font_size:2.125rem|text_align:center|color:%23100c82|line_height:1&#8243; use_theme_fonts=&#8221;yes&#8221; el_class=&#8221;mb-2&#8243;][vc_custom_heading text=&#8221;Dentro de los servicios que INSUMOS AMBIENTALES S.A.S. tiene para sus clientes tenemos el Control Profesional de Olores. A nivel industrial y del hogar nos encontramos con m\u00faltiples componentes que pueden ocasionar malos olores:&#8221; font_container=&#8221;tag:h5|font_size:1rem|text_align:center|color:%2300b146|line_height:1.2&#8243; use_theme_fonts=&#8221;yes&#8221; font_weight=&#8221;600&#8243; letter_spacing=&#8221;-.025em&#8221; el_class=&#8221;m-b-md pb-4&#8243; css=&#8221;.vc_custom_1655921392722{border-bottom-width: 1px !important;border-bottom-color: #e7e7e7 !important;border-bottom-style: [&hellip;]<\/p>\n","protected":false},"author":1,"featured_media":0,"parent":0,"menu_order":0,"comment_status":"closed","ping_status":"closed","template":"","meta":{"footnotes":""},"class_list":["post-4366","page","type-page","status-publish","hentry"],"yoast_head":"<!-- This site is optimized with the Yoast SEO plugin v27.1.1 - https:\/\/yoast.com\/product\/yoast-seo-wordpress\/ -->\n<title>Control de olores | Insumos ambientales<\/title>\n<meta name=\"robots\" content=\"index, follow, max-snippet:-1, max-image-preview:large, max-video-preview:-1\" \/>\n<link rel=\"canonical\" href=\"https:\/\/www.insumosambientales.com\/control-de-olores\/\" \/>\n<meta property=\"og:locale\" content=\"es_ES\" \/>\n<meta property=\"og:type\" content=\"article\" \/>\n<meta property=\"og:title\" content=\"Control de olores | Insumos ambientales\" \/>\n<meta property=\"og:description\" content=\"[vc_row css=&#8221;.vc_custom_1655921723847{padding-top: 7% !important;}&#8221;][vc_column][vc_row_inner][vc_column_inner][vc_custom_heading text=&#8221;Control de olores&#8221; font_container=&#8221;tag:h2|font_size:2.125rem|text_align:center|color:%23100c82|line_height:1&#8243; use_theme_fonts=&#8221;yes&#8221; el_class=&#8221;mb-2&#8243;][vc_custom_heading text=&#8221;Dentro de los servicios que INSUMOS AMBIENTALES S.A.S. tiene para sus clientes tenemos el Control Profesional de Olores. A nivel industrial y del hogar nos encontramos con m\u00faltiples componentes que pueden ocasionar malos olores:&#8221; font_container=&#8221;tag:h5|font_size:1rem|text_align:center|color:%2300b146|line_height:1.2&#8243; use_theme_fonts=&#8221;yes&#8221; font_weight=&#8221;600&#8243; letter_spacing=&#8221;-.025em&#8221; el_class=&#8221;m-b-md pb-4&#8243; css=&#8221;.vc_custom_1655921392722{border-bottom-width: 1px !important;border-bottom-color: #e7e7e7 !important;border-bottom-style: [&hellip;]\" \/>\n<meta property=\"og:url\" content=\"https:\/\/www.insumosambientales.com\/control-de-olores\/\" \/>\n<meta property=\"og:site_name\" content=\"Insumos ambientales\" \/>\n<meta property=\"article:publisher\" content=\"https:\/\/es-la.facebook.com\/insumosambientales.limitada\/\" \/>\n<meta property=\"article:modified_time\" content=\"2022-08-16T16:26:26+00:00\" \/>\n<meta property=\"og:image\" content=\"https:\/\/www.insumosambientales.com\/control-de-olores\/wp-content\/uploads\/2022\/05\/logo.webp\" \/>\n\t<meta property=\"og:image:width\" content=\"352\" \/>\n\t<meta property=\"og:image:height\" content=\"179\" \/>\n\t<meta property=\"og:image:type\" content=\"image\/webp\" \/>\n<meta name=\"twitter:card\" content=\"summary_large_image\" \/>\n<meta name=\"twitter:label1\" content=\"Tiempo de lectura\" \/>\n\t<meta name=\"twitter:data1\" content=\"6 minutos\" \/>\n<script type=\"application\/ld+json\" class=\"yoast-schema-graph\">{\"@context\":\"https:\/\/schema.org\",\"@graph\":[{\"@type\":\"WebPage\",\"@id\":\"https:\/\/www.insumosambientales.com\/control-de-olores\/\",\"url\":\"https:\/\/www.insumosambientales.com\/control-de-olores\/\",\"name\":\"Control de olores | Insumos ambientales\",\"isPartOf\":{\"@id\":\"https:\/\/www.insumosambientales.com\/control-de-olores\/#website\"},\"datePublished\":\"2022-06-22T17:49:33+00:00\",\"dateModified\":\"2022-08-16T16:26:26+00:00\",\"breadcrumb\":{\"@id\":\"https:\/\/www.insumosambientales.com\/control-de-olores\/#breadcrumb\"},\"inLanguage\":\"es-CO\",\"potentialAction\":[{\"@type\":\"ReadAction\",\"target\":[\"https:\/\/www.insumosambientales.com\/control-de-olores\/\"]}]},{\"@type\":\"BreadcrumbList\",\"@id\":\"https:\/\/www.insumosambientales.com\/control-de-olores\/#breadcrumb\",\"itemListElement\":[{\"@type\":\"ListItem\",\"position\":1,\"name\":\"Inicio\",\"item\":\"https:\/\/www.insumosambientales.com\/control-de-olores\/\"},{\"@type\":\"ListItem\",\"position\":2,\"name\":\"Control de olores\"}]},{\"@type\":\"WebSite\",\"@id\":\"https:\/\/www.insumosambientales.com\/control-de-olores\/#website\",\"url\":\"https:\/\/www.insumosambientales.com\/control-de-olores\/\",\"name\":\"insumosambientales.com\/control-de-olores\/\",\"description\":\"Control de Olores Medellin\",\"publisher\":{\"@id\":\"https:\/\/www.insumosambientales.com\/control-de-olores\/#organization\"},\"alternateName\":\"insumos ambientales\",\"potentialAction\":[{\"@type\":\"SearchAction\",\"target\":{\"@type\":\"EntryPoint\",\"urlTemplate\":\"https:\/\/www.insumosambientales.com\/control-de-olores\/?s={search_term_string}\"},\"query-input\":{\"@type\":\"PropertyValueSpecification\",\"valueRequired\":true,\"valueName\":\"search_term_string\"}}],\"inLanguage\":\"es-CO\"},{\"@type\":\"Organization\",\"@id\":\"https:\/\/www.insumosambientales.com\/control-de-olores\/#organization\",\"name\":\"Insumos ambientales\",\"url\":\"https:\/\/www.insumosambientales.com\/control-de-olores\/\",\"logo\":{\"@type\":\"ImageObject\",\"inLanguage\":\"es-CO\",\"@id\":\"https:\/\/www.insumosambientales.com\/control-de-olores\/#\/schema\/logo\/image\/\",\"url\":\"https:\/\/www.insumosambientales.com\/control-de-olores\/wp-content\/uploads\/2022\/05\/cropped-logo.webp\",\"contentUrl\":\"https:\/\/www.insumosambientales.com\/control-de-olores\/wp-content\/uploads\/2022\/05\/cropped-logo.webp\",\"width\":512,\"height\":512,\"caption\":\"Insumos ambientales\"},\"image\":{\"@id\":\"https:\/\/www.insumosambientales.com\/control-de-olores\/#\/schema\/logo\/image\/\"},\"sameAs\":[\"https:\/\/es-la.facebook.com\/insumosambientales.limitada\/\",\"https:\/\/www.instagram.com\/insumos_ambientales_s.a.s\/?hl=es-la\"]}]}<\/script>\n<!-- \/ Yoast SEO plugin. -->","yoast_head_json":{"title":"Control de olores | Insumos ambientales","robots":{"index":"index","follow":"follow","max-snippet":"max-snippet:-1","max-image-preview":"max-image-preview:large","max-video-preview":"max-video-preview:-1"},"canonical":"https:\/\/www.insumosambientales.com\/control-de-olores\/","og_locale":"es_ES","og_type":"article","og_title":"Control de olores | Insumos ambientales","og_description":"[vc_row css=&#8221;.vc_custom_1655921723847{padding-top: 7% !important;}&#8221;][vc_column][vc_row_inner][vc_column_inner][vc_custom_heading text=&#8221;Control de olores&#8221; font_container=&#8221;tag:h2|font_size:2.125rem|text_align:center|color:%23100c82|line_height:1&#8243; use_theme_fonts=&#8221;yes&#8221; el_class=&#8221;mb-2&#8243;][vc_custom_heading text=&#8221;Dentro de los servicios que INSUMOS AMBIENTALES S.A.S. tiene para sus clientes tenemos el Control Profesional de Olores. A nivel industrial y del hogar nos encontramos con m\u00faltiples componentes que pueden ocasionar malos olores:&#8221; font_container=&#8221;tag:h5|font_size:1rem|text_align:center|color:%2300b146|line_height:1.2&#8243; use_theme_fonts=&#8221;yes&#8221; font_weight=&#8221;600&#8243; letter_spacing=&#8221;-.025em&#8221; el_class=&#8221;m-b-md pb-4&#8243; css=&#8221;.vc_custom_1655921392722{border-bottom-width: 1px !important;border-bottom-color: #e7e7e7 !important;border-bottom-style: [&hellip;]","og_url":"https:\/\/www.insumosambientales.com\/control-de-olores\/","og_site_name":"Insumos ambientales","article_publisher":"https:\/\/es-la.facebook.com\/insumosambientales.limitada\/","article_modified_time":"2022-08-16T16:26:26+00:00","og_image":[{"width":352,"height":179,"url":"https:\/\/www.insumosambientales.com\/control-de-olores\/wp-content\/uploads\/2022\/05\/logo.webp","type":"image\/webp"}],"twitter_card":"summary_large_image","twitter_misc":{"Tiempo de lectura":"6 minutos"},"schema":{"@context":"https:\/\/schema.org","@graph":[{"@type":"WebPage","@id":"https:\/\/www.insumosambientales.com\/control-de-olores\/","url":"https:\/\/www.insumosambientales.com\/control-de-olores\/","name":"Control de olores | Insumos ambientales","isPartOf":{"@id":"https:\/\/www.insumosambientales.com\/control-de-olores\/#website"},"datePublished":"2022-06-22T17:49:33+00:00","dateModified":"2022-08-16T16:26:26+00:00","breadcrumb":{"@id":"https:\/\/www.insumosambientales.com\/control-de-olores\/#breadcrumb"},"inLanguage":"es-CO","potentialAction":[{"@type":"ReadAction","target":["https:\/\/www.insumosambientales.com\/control-de-olores\/"]}]},{"@type":"BreadcrumbList","@id":"https:\/\/www.insumosambientales.com\/control-de-olores\/#breadcrumb","itemListElement":[{"@type":"ListItem","position":1,"name":"Inicio","item":"https:\/\/www.insumosambientales.com\/control-de-olores\/"},{"@type":"ListItem","position":2,"name":"Control de olores"}]},{"@type":"WebSite","@id":"https:\/\/www.insumosambientales.com\/control-de-olores\/#website","url":"https:\/\/www.insumosambientales.com\/control-de-olores\/","name":"insumosambientales.com\/control-de-olores\/","description":"Control de Olores Medellin","publisher":{"@id":"https:\/\/www.insumosambientales.com\/control-de-olores\/#organization"},"alternateName":"insumos ambientales","potentialAction":[{"@type":"SearchAction","target":{"@type":"EntryPoint","urlTemplate":"https:\/\/www.insumosambientales.com\/control-de-olores\/?s={search_term_string}"},"query-input":{"@type":"PropertyValueSpecification","valueRequired":true,"valueName":"search_term_string"}}],"inLanguage":"es-CO"},{"@type":"Organization","@id":"https:\/\/www.insumosambientales.com\/control-de-olores\/#organization","name":"Insumos ambientales","url":"https:\/\/www.insumosambientales.com\/control-de-olores\/","logo":{"@type":"ImageObject","inLanguage":"es-CO","@id":"https:\/\/www.insumosambientales.com\/control-de-olores\/#\/schema\/logo\/image\/","url":"https:\/\/www.insumosambientales.com\/control-de-olores\/wp-content\/uploads\/2022\/05\/cropped-logo.webp","contentUrl":"https:\/\/www.insumosambientales.com\/control-de-olores\/wp-content\/uploads\/2022\/05\/cropped-logo.webp","width":512,"height":512,"caption":"Insumos ambientales"},"image":{"@id":"https:\/\/www.insumosambientales.com\/control-de-olores\/#\/schema\/logo\/image\/"},"sameAs":["https:\/\/es-la.facebook.com\/insumosambientales.limitada\/","https:\/\/www.instagram.com\/insumos_ambientales_s.a.s\/?hl=es-la"]}]}},"_links":{"self":[{"href":"https:\/\/www.insumosambientales.com\/control-de-olores\/wp-json\/wp\/v2\/pages\/4366","targetHints":{"allow":["GET"]}}],"collection":[{"href":"https:\/\/www.insumosambientales.com\/control-de-olores\/wp-json\/wp\/v2\/pages"}],"about":[{"href":"https:\/\/www.insumosambientales.com\/control-de-olores\/wp-json\/wp\/v2\/types\/page"}],"author":[{"embeddable":true,"href":"https:\/\/www.insumosambientales.com\/control-de-olores\/wp-json\/wp\/v2\/users\/1"}],"replies":[{"embeddable":true,"href":"https:\/\/www.insumosambientales.com\/control-de-olores\/wp-json\/wp\/v2\/comments?post=4366"}],"version-history":[{"count":0,"href":"https:\/\/www.insumosambientales.com\/control-de-olores\/wp-json\/wp\/v2\/pages\/4366\/revisions"}],"wp:attachment":[{"href":"https:\/\/www.insumosambientales.com\/control-de-olores\/wp-json\/wp\/v2\/media?parent=4366"}],"curies":[{"name":"wp","href":"https:\/\/api.w.org\/{rel}","templated":true}]}}