{"id":4610,"date":"2022-08-16T11:55:42","date_gmt":"2022-08-16T16:55:42","guid":{"rendered":"https:\/\/www.insumosambientales.com\/?page_id=4610"},"modified":"2022-08-16T12:01:06","modified_gmt":"2022-08-16T17:01:06","slug":"filtros-anaerobicos","status":"publish","type":"page","link":"https:\/\/www.insumosambientales.com\/filtros-anaerobicos\/","title":{"rendered":"Filtros Anaer\u00f3bicos"},"content":{"rendered":"<p>[vc_row css=&#8221;.vc_custom_1655921723847{padding-top: 7% !important;}&#8221;][vc_column][vc_row_inner content_placement=&#8221;middle&#8221;][vc_column_inner][vc_custom_heading text=&#8221;Filtros Anaer\u00f3bicos&#8221; font_container=&#8221;tag:h2|font_size:2.125rem|text_align:left|color:%23100c82|line_height:1&#8243; use_theme_fonts=&#8221;yes&#8221; el_class=&#8221;mb-2&#8243;][vc_column_text]<\/p>\n<p style=\"text-align: justify;\">INSUMOS AMBIENTALES S.A.S., como empresa comprometida 100% con la recuperaci\u00f3n y cuidado de las fuentes h\u00eddricas, hemos creado un paquete integral para el manejo de aguas residuales y disposici\u00f3n final de lodos.<\/p>\n<p style=\"text-align: justify;\">La principal caracter\u00edstica de este paquete es la integralidad de varios servicios para la comodidad de nuestros clientes.<\/p>\n<p style=\"text-align: justify;\">En los procesos de potabilizaci\u00f3n y tratamiento de aguas residuales dom\u00e9sticas, la remoci\u00f3n de s\u00f3lidos en el sub proceso de SEDIMENTACI\u00d3N, constituye un paso cr\u00edtico en la calidad del efluente tratado.<\/p>\n<p style=\"text-align: justify;\">Por su bajo peso, f\u00e1cil instalaci\u00f3n y adaptabilidad a cualquier forma geom\u00e9trica (circular o rectangular), los m\u00f3dulos tipo panal de geometr\u00eda hexagonal, son aplicables a plantas convencionales de concreto existentes de cualquier capacidad; desde condominios y centros recreativos, hasta plantas de tratamiento municipales.<\/p>\n<p>[\/vc_column_text][\/vc_column_inner][\/vc_row_inner][vc_row_inner content_placement=&#8221;middle&#8221;][vc_column_inner width=&#8221;2\/3&#8243;][vc_custom_heading text=&#8221;FILTRO BIO\u2014PACK O ROSETON &#8221; font_container=&#8221;tag:h2|font_size:2.125rem|text_align:left|color:%23100c82|line_height:1&#8243; use_theme_fonts=&#8221;yes&#8221; el_class=&#8221;mb-2&#8243;][vc_column_text]<\/p>\n<p style=\"text-align: justify;\">Utilizado para tanques de tratamiento de aguas residuales, utilizados en las plantas de tratamiento y sistemas s\u00e9pticos para mejorar el \u00e1rea superficial de contacto con las bacterias mejorando as\u00ed la eficiencia del filtro anaerobio de flujo ascendente.<\/p>\n<p style=\"text-align: justify;\">Por el dise\u00f1o y el material utilizado en este tipo de relleno, se logra aumentar la eficiencia de las plantas de tratamiento de agua residual anaerobias por la mejor fijaci\u00f3n de bacterias facultativas.<\/p>\n<p>[\/vc_column_text][\/vc_column_inner][vc_column_inner width=&#8221;1\/3&#8243;][vc_single_image image=&#8221;4614&#8243; img_size=&#8221;full&#8221; alignment=&#8221;center&#8221; label=&#8221;&#8221;][\/vc_column_inner][\/vc_row_inner][vc_separator color=&#8221;custom&#8221; accent_color=&#8221;rgba(51,51,51,0.13)&#8221; css=&#8221;.vc_custom_1655922145862{margin-top: 40px !important;margin-bottom: 70px !important;}&#8221;][vc_row_inner][vc_column_inner][vc_custom_heading text=&#8221;Beneficios&#8221; font_container=&#8221;tag:h2|font_size:1.2rem|text_align:left|color:%23100c82|line_height:1&#8243; use_theme_fonts=&#8221;yes&#8221; el_class=&#8221;mb-2&#8243; css=&#8221;.vc_custom_1660667730152{padding-bottom: 20px !important;}&#8221;]<style>#porto-info-list135224837569d0466d0d404 i { color: #100c82;font-size: 20px; }<\/style><ul id=\"porto-info-list135224837569d0466d0d404\" class=\"porto-info-list \"><li class=\"porto-info-list-item\"><i class=\"porto-info-icon fas fa-chevron-circle-right\"><\/i><div class=\"porto-info-list-item-desc\">Con respecto al Polipropileno presenta larga duraci\u00f3n, consistencia fuerte, un peso bajo permitiendo transportar y maniobrar con facilidad, permitiendo su f\u00e1cil y r\u00e1pida instalaci\u00f3n, no presenta susceptibilidad a degradaci\u00f3n por ultravioleta.<\/div><\/li><li class=\"porto-info-list-item\"><i class=\"porto-info-icon fas fa-chevron-circle-right\"><\/i><div class=\"porto-info-list-item-desc\">Energ\u00eda m\u00ednima para el lavado, reducci\u00f3n del mantenimiento de bombas de lavado.<\/div><\/li><li class=\"porto-info-list-item\"><i class=\"porto-info-icon fas fa-chevron-circle-right\"><\/i><div class=\"porto-info-list-item-desc\">Para su utilizaci\u00f3n no es necesario apilarlos ordenadamente; se nivelan solos, no requiere cortes o moldes.<\/div><\/li><li class=\"porto-info-list-item\"><i class=\"porto-info-icon fas fa-chevron-circle-right\"><\/i><div class=\"porto-info-list-item-desc\">Permite la redistribuci\u00f3n equitativa, permitiendo as\u00ed tener un contacto permanente de la pel\u00edcula de biomasa con el agua residual en cada secci\u00f3n del Filtro Bio-Pack.<\/div><\/li><li class=\"porto-info-list-item\"><i class=\"porto-info-icon fas fa-chevron-circle-right\"><\/i><div class=\"porto-info-list-item-desc\">Reducci\u00f3n del efluente del reactor biol\u00f3gico al aumentar la biocapa.<\/div><\/li><li class=\"porto-info-list-item\"><i class=\"porto-info-icon fas fa-chevron-circle-right\"><\/i><div class=\"porto-info-list-item-desc\">Nitrificaci\u00f3n del efluente disminuyendo as\u00ed los olores, excelente para reemplazar el filtrante rocoso.<\/div><\/li><li class=\"porto-info-list-item\"><i class=\"porto-info-icon fas fa-chevron-circle-right\"><\/i><div class=\"porto-info-list-item-desc\">Reduce la producci\u00f3n de sedimentos, aumenta el \u00e1rea de contacto, mejorando el tiempo de retenci\u00f3n y aumentando la residencia en los sistemas.<\/div><\/li><\/ul>[\/vc_column_inner][\/vc_row_inner][\/vc_column][\/vc_row]<\/p>\n","protected":false},"excerpt":{"rendered":"<p>[vc_row css=&#8221;.vc_custom_1655921723847{padding-top: 7% !important;}&#8221;][vc_column][vc_row_inner content_placement=&#8221;middle&#8221;][vc_column_inner][vc_custom_heading text=&#8221;Filtros Anaer\u00f3bicos&#8221; font_container=&#8221;tag:h2|font_size:2.125rem|text_align:left|color:%23100c82|line_height:1&#8243; use_theme_fonts=&#8221;yes&#8221; el_class=&#8221;mb-2&#8243;][vc_column_text] INSUMOS AMBIENTALES S.A.S., como empresa comprometida 100% con la recuperaci\u00f3n y cuidado de las fuentes h\u00eddricas, hemos creado un paquete integral para el manejo de aguas residuales y disposici\u00f3n final de lodos. La principal caracter\u00edstica de este paquete es la integralidad de varios servicios para [&hellip;]<\/p>\n","protected":false},"author":1,"featured_media":0,"parent":0,"menu_order":0,"comment_status":"closed","ping_status":"closed","template":"","meta":{"footnotes":""},"class_list":["post-4610","page","type-page","status-publish","hentry"],"yoast_head":"<!-- This site is optimized with the Yoast SEO plugin v27.1.1 - https:\/\/yoast.com\/product\/yoast-seo-wordpress\/ -->\n<title>Filtros Anaer\u00f3bicos | Insumos ambientales<\/title>\n<meta name=\"robots\" content=\"index, follow, max-snippet:-1, max-image-preview:large, max-video-preview:-1\" \/>\n<link rel=\"canonical\" href=\"https:\/\/www.insumosambientales.com\/filtros-anaerobicos\/\" \/>\n<meta property=\"og:locale\" content=\"es_ES\" \/>\n<meta property=\"og:type\" content=\"article\" \/>\n<meta property=\"og:title\" content=\"Filtros Anaer\u00f3bicos | Insumos ambientales\" \/>\n<meta property=\"og:description\" content=\"[vc_row css=&#8221;.vc_custom_1655921723847{padding-top: 7% !important;}&#8221;][vc_column][vc_row_inner content_placement=&#8221;middle&#8221;][vc_column_inner][vc_custom_heading text=&#8221;Filtros Anaer\u00f3bicos&#8221; font_container=&#8221;tag:h2|font_size:2.125rem|text_align:left|color:%23100c82|line_height:1&#8243; use_theme_fonts=&#8221;yes&#8221; el_class=&#8221;mb-2&#8243;][vc_column_text] INSUMOS AMBIENTALES S.A.S., como empresa comprometida 100% con la recuperaci\u00f3n y cuidado de las fuentes h\u00eddricas, hemos creado un paquete integral para el manejo de aguas residuales y disposici\u00f3n final de lodos. La principal caracter\u00edstica de este paquete es la integralidad de varios servicios para [&hellip;]\" \/>\n<meta property=\"og:url\" content=\"https:\/\/www.insumosambientales.com\/filtros-anaerobicos\/\" \/>\n<meta property=\"og:site_name\" content=\"Insumos ambientales\" \/>\n<meta property=\"article:publisher\" content=\"https:\/\/es-la.facebook.com\/insumosambientales.limitada\/\" \/>\n<meta property=\"article:modified_time\" content=\"2022-08-16T17:01:06+00:00\" \/>\n<meta property=\"og:image\" content=\"https:\/\/www.insumosambientales.com\/filtros-anaerobicos\/wp-content\/uploads\/2022\/05\/logo.webp\" \/>\n\t<meta property=\"og:image:width\" content=\"352\" \/>\n\t<meta property=\"og:image:height\" content=\"179\" \/>\n\t<meta property=\"og:image:type\" content=\"image\/webp\" \/>\n<meta name=\"twitter:card\" content=\"summary_large_image\" \/>\n<meta name=\"twitter:label1\" content=\"Tiempo de lectura\" \/>\n\t<meta name=\"twitter:data1\" content=\"3 minutos\" \/>\n<script type=\"application\/ld+json\" class=\"yoast-schema-graph\">{\"@context\":\"https:\/\/schema.org\",\"@graph\":[{\"@type\":\"WebPage\",\"@id\":\"https:\/\/www.insumosambientales.com\/filtros-anaerobicos\/\",\"url\":\"https:\/\/www.insumosambientales.com\/filtros-anaerobicos\/\",\"name\":\"Filtros Anaer\u00f3bicos | Insumos ambientales\",\"isPartOf\":{\"@id\":\"https:\/\/www.insumosambientales.com\/filtros-anaerobicos\/#website\"},\"datePublished\":\"2022-08-16T16:55:42+00:00\",\"dateModified\":\"2022-08-16T17:01:06+00:00\",\"breadcrumb\":{\"@id\":\"https:\/\/www.insumosambientales.com\/filtros-anaerobicos\/#breadcrumb\"},\"inLanguage\":\"es-CO\",\"potentialAction\":[{\"@type\":\"ReadAction\",\"target\":[\"https:\/\/www.insumosambientales.com\/filtros-anaerobicos\/\"]}]},{\"@type\":\"BreadcrumbList\",\"@id\":\"https:\/\/www.insumosambientales.com\/filtros-anaerobicos\/#breadcrumb\",\"itemListElement\":[{\"@type\":\"ListItem\",\"position\":1,\"name\":\"Inicio\",\"item\":\"https:\/\/www.insumosambientales.com\/filtros-anaerobicos\/\"},{\"@type\":\"ListItem\",\"position\":2,\"name\":\"Filtros Anaer\u00f3bicos\"}]},{\"@type\":\"WebSite\",\"@id\":\"https:\/\/www.insumosambientales.com\/filtros-anaerobicos\/#website\",\"url\":\"https:\/\/www.insumosambientales.com\/filtros-anaerobicos\/\",\"name\":\"insumosambientales.com\",\"description\":\"Trampas de Grasas Medellin\",\"publisher\":{\"@id\":\"https:\/\/www.insumosambientales.com\/filtros-anaerobicos\/#organization\"},\"alternateName\":\"insumos ambientales\",\"potentialAction\":[{\"@type\":\"SearchAction\",\"target\":{\"@type\":\"EntryPoint\",\"urlTemplate\":\"https:\/\/www.insumosambientales.com\/filtros-anaerobicos\/?s={search_term_string}\"},\"query-input\":{\"@type\":\"PropertyValueSpecification\",\"valueRequired\":true,\"valueName\":\"search_term_string\"}}],\"inLanguage\":\"es-CO\"},{\"@type\":\"Organization\",\"@id\":\"https:\/\/www.insumosambientales.com\/filtros-anaerobicos\/#organization\",\"name\":\"Insumos ambientales\",\"url\":\"https:\/\/www.insumosambientales.com\/filtros-anaerobicos\/\",\"logo\":{\"@type\":\"ImageObject\",\"inLanguage\":\"es-CO\",\"@id\":\"https:\/\/www.insumosambientales.com\/filtros-anaerobicos\/#\/schema\/logo\/image\/\",\"url\":\"https:\/\/www.insumosambientales.com\/wp-content\/uploads\/2022\/05\/logo.webp\",\"contentUrl\":\"https:\/\/www.insumosambientales.com\/wp-content\/uploads\/2022\/05\/logo.webp\",\"width\":352,\"height\":179,\"caption\":\"Insumos ambientales\"},\"image\":{\"@id\":\"https:\/\/www.insumosambientales.com\/filtros-anaerobicos\/#\/schema\/logo\/image\/\"},\"sameAs\":[\"https:\/\/es-la.facebook.com\/insumosambientales.limitada\/\",\"https:\/\/www.instagram.com\/insumos_ambientales_s.a.s\/?hl=es-la\"]}]}<\/script>\n<!-- \/ Yoast SEO plugin. -->","yoast_head_json":{"title":"Filtros Anaer\u00f3bicos | Insumos ambientales","robots":{"index":"index","follow":"follow","max-snippet":"max-snippet:-1","max-image-preview":"max-image-preview:large","max-video-preview":"max-video-preview:-1"},"canonical":"https:\/\/www.insumosambientales.com\/filtros-anaerobicos\/","og_locale":"es_ES","og_type":"article","og_title":"Filtros Anaer\u00f3bicos | Insumos ambientales","og_description":"[vc_row css=&#8221;.vc_custom_1655921723847{padding-top: 7% !important;}&#8221;][vc_column][vc_row_inner content_placement=&#8221;middle&#8221;][vc_column_inner][vc_custom_heading text=&#8221;Filtros Anaer\u00f3bicos&#8221; font_container=&#8221;tag:h2|font_size:2.125rem|text_align:left|color:%23100c82|line_height:1&#8243; use_theme_fonts=&#8221;yes&#8221; el_class=&#8221;mb-2&#8243;][vc_column_text] INSUMOS AMBIENTALES S.A.S., como empresa comprometida 100% con la recuperaci\u00f3n y cuidado de las fuentes h\u00eddricas, hemos creado un paquete integral para el manejo de aguas residuales y disposici\u00f3n final de lodos. La principal caracter\u00edstica de este paquete es la integralidad de varios servicios para [&hellip;]","og_url":"https:\/\/www.insumosambientales.com\/filtros-anaerobicos\/","og_site_name":"Insumos ambientales","article_publisher":"https:\/\/es-la.facebook.com\/insumosambientales.limitada\/","article_modified_time":"2022-08-16T17:01:06+00:00","og_image":[{"width":352,"height":179,"url":"https:\/\/www.insumosambientales.com\/filtros-anaerobicos\/wp-content\/uploads\/2022\/05\/logo.webp","type":"image\/webp"}],"twitter_card":"summary_large_image","twitter_misc":{"Tiempo de lectura":"3 minutos"},"schema":{"@context":"https:\/\/schema.org","@graph":[{"@type":"WebPage","@id":"https:\/\/www.insumosambientales.com\/filtros-anaerobicos\/","url":"https:\/\/www.insumosambientales.com\/filtros-anaerobicos\/","name":"Filtros Anaer\u00f3bicos | Insumos ambientales","isPartOf":{"@id":"https:\/\/www.insumosambientales.com\/filtros-anaerobicos\/#website"},"datePublished":"2022-08-16T16:55:42+00:00","dateModified":"2022-08-16T17:01:06+00:00","breadcrumb":{"@id":"https:\/\/www.insumosambientales.com\/filtros-anaerobicos\/#breadcrumb"},"inLanguage":"es-CO","potentialAction":[{"@type":"ReadAction","target":["https:\/\/www.insumosambientales.com\/filtros-anaerobicos\/"]}]},{"@type":"BreadcrumbList","@id":"https:\/\/www.insumosambientales.com\/filtros-anaerobicos\/#breadcrumb","itemListElement":[{"@type":"ListItem","position":1,"name":"Inicio","item":"https:\/\/www.insumosambientales.com\/filtros-anaerobicos\/"},{"@type":"ListItem","position":2,"name":"Filtros Anaer\u00f3bicos"}]},{"@type":"WebSite","@id":"https:\/\/www.insumosambientales.com\/filtros-anaerobicos\/#website","url":"https:\/\/www.insumosambientales.com\/filtros-anaerobicos\/","name":"insumosambientales.com","description":"Trampas de Grasas Medellin","publisher":{"@id":"https:\/\/www.insumosambientales.com\/filtros-anaerobicos\/#organization"},"alternateName":"insumos ambientales","potentialAction":[{"@type":"SearchAction","target":{"@type":"EntryPoint","urlTemplate":"https:\/\/www.insumosambientales.com\/filtros-anaerobicos\/?s={search_term_string}"},"query-input":{"@type":"PropertyValueSpecification","valueRequired":true,"valueName":"search_term_string"}}],"inLanguage":"es-CO"},{"@type":"Organization","@id":"https:\/\/www.insumosambientales.com\/filtros-anaerobicos\/#organization","name":"Insumos ambientales","url":"https:\/\/www.insumosambientales.com\/filtros-anaerobicos\/","logo":{"@type":"ImageObject","inLanguage":"es-CO","@id":"https:\/\/www.insumosambientales.com\/filtros-anaerobicos\/#\/schema\/logo\/image\/","url":"https:\/\/www.insumosambientales.com\/wp-content\/uploads\/2022\/05\/logo.webp","contentUrl":"https:\/\/www.insumosambientales.com\/wp-content\/uploads\/2022\/05\/logo.webp","width":352,"height":179,"caption":"Insumos ambientales"},"image":{"@id":"https:\/\/www.insumosambientales.com\/filtros-anaerobicos\/#\/schema\/logo\/image\/"},"sameAs":["https:\/\/es-la.facebook.com\/insumosambientales.limitada\/","https:\/\/www.instagram.com\/insumos_ambientales_s.a.s\/?hl=es-la"]}]}},"_links":{"self":[{"href":"https:\/\/www.insumosambientales.com\/filtros-anaerobicos\/wp-json\/wp\/v2\/pages\/4610","targetHints":{"allow":["GET"]}}],"collection":[{"href":"https:\/\/www.insumosambientales.com\/filtros-anaerobicos\/wp-json\/wp\/v2\/pages"}],"about":[{"href":"https:\/\/www.insumosambientales.com\/filtros-anaerobicos\/wp-json\/wp\/v2\/types\/page"}],"author":[{"embeddable":true,"href":"https:\/\/www.insumosambientales.com\/filtros-anaerobicos\/wp-json\/wp\/v2\/users\/1"}],"replies":[{"embeddable":true,"href":"https:\/\/www.insumosambientales.com\/filtros-anaerobicos\/wp-json\/wp\/v2\/comments?post=4610"}],"version-history":[{"count":0,"href":"https:\/\/www.insumosambientales.com\/filtros-anaerobicos\/wp-json\/wp\/v2\/pages\/4610\/revisions"}],"wp:attachment":[{"href":"https:\/\/www.insumosambientales.com\/filtros-anaerobicos\/wp-json\/wp\/v2\/media?parent=4610"}],"curies":[{"name":"wp","href":"https:\/\/api.w.org\/{rel}","templated":true}]}}