{"id":4633,"date":"2022-08-16T14:02:22","date_gmt":"2022-08-16T19:02:22","guid":{"rendered":"https:\/\/www.insumosambientales.com\/?page_id=4633"},"modified":"2022-08-16T14:12:48","modified_gmt":"2022-08-16T19:12:48","slug":"plantas-de-tratamiento-de-agua-ptar-y-ptap","status":"publish","type":"page","link":"https:\/\/www.insumosambientales.com\/plantas-de-tratamiento-de-agua\/","title":{"rendered":"Plantas de tratamiento de agua PTAR Y PTAP"},"content":{"rendered":"<p>[vc_row css=&#8221;.vc_custom_1655921723847{padding-top: 7% !important;}&#8221;][vc_column][vc_row_inner content_placement=&#8221;middle&#8221;][vc_column_inner][vc_custom_heading text=&#8221;Plantas de tratamiento de agua PTAR Y PTAP&#8221; font_container=&#8221;tag:h2|font_size:2.125rem|text_align:left|color:%23100c82|line_height:1&#8243; use_theme_fonts=&#8221;yes&#8221; el_class=&#8221;mb-2&#8243;][vc_column_text]<\/p>\n<p style=\"text-align: justify;\">En INSUMOS AMBIENTALES S.A.S., sabemos la importancia del agua como recurso vital para todos los seres vivos.<\/p>\n<p style=\"text-align: justify;\">Es por esto que en b\u00fasqueda de cubrir las necesidades de abastecimiento del l\u00edquido vital en poblaciones que no cuentan con agua potable y a su vez sabemos la importancia de tratar las aguas utilizadas (residuales), para evitar la contaminaci\u00f3n de fuentes h\u00eddricas y terrenos, es por esto que ofrecemos el dise\u00f1o, suministro, instalaci\u00f3n y puesta en marcha de plantas de tratamiento para potabilizaci\u00f3n y para tratamiento de aguas residuales.<\/p>\n<p>[\/vc_column_text][\/vc_column_inner][\/vc_row_inner][vc_row_inner content_placement=&#8221;middle&#8221;][vc_column_inner width=&#8221;2\/3&#8243;][vc_column_text]<\/p>\n<p style=\"text-align: justify;\">Somos la mejor opci\u00f3n para aquellas poblaciones donde cuentan con el agua como recurso en abundancia pero que debido a la contaminaci\u00f3n no es posible beberla de manera directa.<\/p>\n<p style=\"text-align: justify;\">Con el paso de los a\u00f1os nos hemos fortalecido en el manejo de las aguas residuales con el fin de contribuir desde las empresas que nos contratan un granito de arena en la recuperaci\u00f3n de las fuentes h\u00eddricas de municipios y ciudades principales de nuestro pa\u00eds.<\/p>\n<p>[\/vc_column_text][\/vc_column_inner][vc_column_inner width=&#8221;1\/3&#8243;][vc_single_image image=&#8221;4641&#8243; img_size=&#8221;full&#8221; alignment=&#8221;center&#8221;][\/vc_column_inner][\/vc_row_inner][vc_separator color=&#8221;custom&#8221; accent_color=&#8221;rgba(51,51,51,0.13)&#8221; css=&#8221;.vc_custom_1655922145862{margin-top: 40px !important;margin-bottom: 70px !important;}&#8221;][vc_row_inner content_placement=&#8221;middle&#8221;][vc_column_inner][vc_custom_heading text=&#8221;Plantas de tratamiento de agua potable \/ PTAP:&#8221; font_container=&#8221;tag:h2|font_size:1.2rem|text_align:left|color:%23100c82|line_height:1&#8243; use_theme_fonts=&#8221;yes&#8221; el_class=&#8221;mb-2&#8243; css=&#8221;.vc_custom_1660676859960{padding-bottom: 20px !important;}&#8221;][vc_column_text]<\/p>\n<p style=\"text-align: justify;\">Es el conjunto de estructuras en las que se trata el agua de manera que se vuelva apta para el consumo humano.<\/p>\n<p style=\"text-align: justify;\">Existen diferentes tecnolog\u00edas para potabilizar el agua, pero todas deben cumplir los mismos principios:<\/p>\n<p>[\/vc_column_text]<style>#porto-info-list159970431969d0353631e55 i { color: #100c82;font-size: 20px; }<\/style><ul id=\"porto-info-list159970431969d0353631e55\" class=\"porto-info-list \"><li class=\"porto-info-list-item\"><i class=\"porto-info-icon fas fa-chevron-circle-right\"><\/i><div class=\"porto-info-list-item-desc\">Combinaci\u00f3n de barreras m\u00faltiples (diferentes etapas del proceso de potabilizaci\u00f3n) para alcanzar bajas condiciones de riesgo.<\/div><\/li><li class=\"porto-info-list-item\"><i class=\"porto-info-icon fas fa-chevron-circle-right\"><\/i><div class=\"porto-info-list-item-desc\">Tratamiento integrado para producir el efecto esperado.<\/div><\/li><li class=\"porto-info-list-item\"><i class=\"porto-info-icon fas fa-chevron-circle-right\"><\/i><div class=\"porto-info-list-item-desc\">Tratamiento por objetivo (cada etapa del tratamiento tiene una meta espec\u00edfica relacionada con alg\u00fan tipo de contaminante).<\/div><\/li><\/ul>[vc_media_grid gap=&#8221;10&#8243; grid_id=&#8221;vc_gid:1660677150282-c4280463-6713-4&#8243; include=&#8221;4646,4647,4648&#8243;][\/vc_column_inner][\/vc_row_inner][vc_separator color=&#8221;custom&#8221; accent_color=&#8221;rgba(51,51,51,0.13)&#8221; css=&#8221;.vc_custom_1655922145862{margin-top: 40px !important;margin-bottom: 70px !important;}&#8221;][vc_row_inner content_placement=&#8221;middle&#8221;][vc_column_inner][vc_custom_heading text=&#8221;Plantas de tratamiento de aguas residuales\/ PTAR:&#8221; font_container=&#8221;tag:h2|font_size:1.2rem|text_align:left|color:%23100c82|line_height:1&#8243; use_theme_fonts=&#8221;yes&#8221; el_class=&#8221;mb-2&#8243; css=&#8221;.vc_custom_1660677084880{padding-bottom: 20px !important;}&#8221;][vc_column_text]<\/p>\n<p style=\"text-align: justify;\">Las aguas residuales pueden provenir de actividades industriales, agr\u00edcolas y del uso dom\u00e9stico.<\/p>\n<p style=\"text-align: justify;\">Para tratar estas aguas se realizan procesos F\u00edsico-Qu\u00edmicos el cual busca reducir la materia suspendida por medio de la precipitaci\u00f3n o sedimentaci\u00f3n.<br \/>\nEn este caso es un conjunto de procedimientos de tipo f\u00edsico, qu\u00edmico y biol\u00f3gico que permiten convertir el agua contaminada en agua reutilizable o que si se dispone no genere contaminaci\u00f3n ni a suelos ni a las aguas tanto superficiales como subterr\u00e1neas.<\/p>\n<p style=\"text-align: justify;\">Las aguas residuales se producen diariamente, tanto en nuestras casas, nuestros trabajos y en f\u00e1bricas, industrias y actividades humanas de todo tipo.<\/p>\n<p style=\"text-align: justify;\">En nuestra empresa contamos con personal calificado para ofrecer PTAR, para todo tipo de industria y comunidad.<\/p>\n<p>[\/vc_column_text][\/vc_column_inner][\/vc_row_inner][vc_single_image image=&#8221;4652&#8243; img_size=&#8221;full&#8221; alignment=&#8221;center&#8221; label=&#8221;&#8221;][\/vc_column][\/vc_row]<\/p>\n","protected":false},"excerpt":{"rendered":"<p>[vc_row css=&#8221;.vc_custom_1655921723847{padding-top: 7% !important;}&#8221;][vc_column][vc_row_inner content_placement=&#8221;middle&#8221;][vc_column_inner][vc_custom_heading text=&#8221;Plantas de tratamiento de agua PTAR Y PTAP&#8221; font_container=&#8221;tag:h2|font_size:2.125rem|text_align:left|color:%23100c82|line_height:1&#8243; use_theme_fonts=&#8221;yes&#8221; el_class=&#8221;mb-2&#8243;][vc_column_text] En INSUMOS AMBIENTALES S.A.S., sabemos la importancia del agua como recurso vital para todos los seres vivos. Es por esto que en b\u00fasqueda de cubrir las necesidades de abastecimiento del l\u00edquido vital en poblaciones que no cuentan con agua [&hellip;]<\/p>\n","protected":false},"author":1,"featured_media":0,"parent":0,"menu_order":0,"comment_status":"closed","ping_status":"closed","template":"","meta":{"footnotes":""},"class_list":["post-4633","page","type-page","status-publish","hentry"],"yoast_head":"<!-- This site is optimized with the Yoast SEO plugin v27.1.1 - https:\/\/yoast.com\/product\/yoast-seo-wordpress\/ -->\n<title>Plantas de tratamiento de agua PTAR Y PTAP | Insumos ambientales<\/title>\n<meta name=\"robots\" content=\"index, follow, max-snippet:-1, max-image-preview:large, max-video-preview:-1\" \/>\n<link rel=\"canonical\" href=\"https:\/\/www.insumosambientales.com\/plantas-de-tratamiento-de-agua\/\" \/>\n<meta property=\"og:locale\" content=\"es_ES\" \/>\n<meta property=\"og:type\" content=\"article\" \/>\n<meta property=\"og:title\" content=\"Plantas de tratamiento de agua PTAR Y PTAP | Insumos ambientales\" \/>\n<meta property=\"og:description\" content=\"[vc_row css=&#8221;.vc_custom_1655921723847{padding-top: 7% !important;}&#8221;][vc_column][vc_row_inner content_placement=&#8221;middle&#8221;][vc_column_inner][vc_custom_heading text=&#8221;Plantas de tratamiento de agua PTAR Y PTAP&#8221; font_container=&#8221;tag:h2|font_size:2.125rem|text_align:left|color:%23100c82|line_height:1&#8243; use_theme_fonts=&#8221;yes&#8221; el_class=&#8221;mb-2&#8243;][vc_column_text] En INSUMOS AMBIENTALES S.A.S., sabemos la importancia del agua como recurso vital para todos los seres vivos. Es por esto que en b\u00fasqueda de cubrir las necesidades de abastecimiento del l\u00edquido vital en poblaciones que no cuentan con agua [&hellip;]\" \/>\n<meta property=\"og:url\" content=\"https:\/\/www.insumosambientales.com\/plantas-de-tratamiento-de-agua\/\" \/>\n<meta property=\"og:site_name\" content=\"Insumos ambientales\" \/>\n<meta property=\"article:publisher\" content=\"https:\/\/es-la.facebook.com\/insumosambientales.limitada\/\" \/>\n<meta property=\"article:modified_time\" content=\"2022-08-16T19:12:48+00:00\" \/>\n<meta property=\"og:image\" content=\"https:\/\/www.insumosambientales.com\/plantas-de-tratamiento-de-agua\/wp-content\/uploads\/2022\/05\/logo.webp\" \/>\n\t<meta property=\"og:image:width\" content=\"352\" \/>\n\t<meta property=\"og:image:height\" content=\"179\" \/>\n\t<meta property=\"og:image:type\" content=\"image\/webp\" \/>\n<meta name=\"twitter:card\" content=\"summary_large_image\" \/>\n<meta name=\"twitter:label1\" content=\"Tiempo de lectura\" \/>\n\t<meta name=\"twitter:data1\" content=\"4 minutos\" \/>\n<script type=\"application\/ld+json\" class=\"yoast-schema-graph\">{\"@context\":\"https:\/\/schema.org\",\"@graph\":[{\"@type\":\"WebPage\",\"@id\":\"https:\/\/www.insumosambientales.com\/plantas-de-tratamiento-de-agua\/\",\"url\":\"https:\/\/www.insumosambientales.com\/plantas-de-tratamiento-de-agua\/\",\"name\":\"Plantas de tratamiento de agua PTAR Y PTAP | Insumos ambientales\",\"isPartOf\":{\"@id\":\"https:\/\/www.insumosambientales.com\/plantas-de-tratamiento-de-agua\/#website\"},\"datePublished\":\"2022-08-16T19:02:22+00:00\",\"dateModified\":\"2022-08-16T19:12:48+00:00\",\"breadcrumb\":{\"@id\":\"https:\/\/www.insumosambientales.com\/plantas-de-tratamiento-de-agua\/#breadcrumb\"},\"inLanguage\":\"es-CO\",\"potentialAction\":[{\"@type\":\"ReadAction\",\"target\":[\"https:\/\/www.insumosambientales.com\/plantas-de-tratamiento-de-agua\/\"]}]},{\"@type\":\"BreadcrumbList\",\"@id\":\"https:\/\/www.insumosambientales.com\/plantas-de-tratamiento-de-agua\/#breadcrumb\",\"itemListElement\":[{\"@type\":\"ListItem\",\"position\":1,\"name\":\"Inicio\",\"item\":\"https:\/\/www.insumosambientales.com\/plantas-de-tratamiento-de-agua\/\"},{\"@type\":\"ListItem\",\"position\":2,\"name\":\"Plantas de tratamiento de agua PTAR Y PTAP\"}]},{\"@type\":\"WebSite\",\"@id\":\"https:\/\/www.insumosambientales.com\/plantas-de-tratamiento-de-agua\/#website\",\"url\":\"https:\/\/www.insumosambientales.com\/plantas-de-tratamiento-de-agua\/\",\"name\":\"insumosambientales.com\",\"description\":\"Trampas de Grasas Medellin\",\"publisher\":{\"@id\":\"https:\/\/www.insumosambientales.com\/plantas-de-tratamiento-de-agua\/#organization\"},\"alternateName\":\"insumos ambientales\",\"potentialAction\":[{\"@type\":\"SearchAction\",\"target\":{\"@type\":\"EntryPoint\",\"urlTemplate\":\"https:\/\/www.insumosambientales.com\/plantas-de-tratamiento-de-agua\/?s={search_term_string}\"},\"query-input\":{\"@type\":\"PropertyValueSpecification\",\"valueRequired\":true,\"valueName\":\"search_term_string\"}}],\"inLanguage\":\"es-CO\"},{\"@type\":\"Organization\",\"@id\":\"https:\/\/www.insumosambientales.com\/plantas-de-tratamiento-de-agua\/#organization\",\"name\":\"Insumos ambientales\",\"url\":\"https:\/\/www.insumosambientales.com\/plantas-de-tratamiento-de-agua\/\",\"logo\":{\"@type\":\"ImageObject\",\"inLanguage\":\"es-CO\",\"@id\":\"https:\/\/www.insumosambientales.com\/plantas-de-tratamiento-de-agua\/#\/schema\/logo\/image\/\",\"url\":\"https:\/\/www.insumosambientales.com\/wp-content\/uploads\/2022\/05\/logo.webp\",\"contentUrl\":\"https:\/\/www.insumosambientales.com\/wp-content\/uploads\/2022\/05\/logo.webp\",\"width\":352,\"height\":179,\"caption\":\"Insumos ambientales\"},\"image\":{\"@id\":\"https:\/\/www.insumosambientales.com\/plantas-de-tratamiento-de-agua\/#\/schema\/logo\/image\/\"},\"sameAs\":[\"https:\/\/es-la.facebook.com\/insumosambientales.limitada\/\",\"https:\/\/www.instagram.com\/insumos_ambientales_s.a.s\/?hl=es-la\"]}]}<\/script>\n<!-- \/ Yoast SEO plugin. -->","yoast_head_json":{"title":"Plantas de tratamiento de agua PTAR Y PTAP | Insumos ambientales","robots":{"index":"index","follow":"follow","max-snippet":"max-snippet:-1","max-image-preview":"max-image-preview:large","max-video-preview":"max-video-preview:-1"},"canonical":"https:\/\/www.insumosambientales.com\/plantas-de-tratamiento-de-agua\/","og_locale":"es_ES","og_type":"article","og_title":"Plantas de tratamiento de agua PTAR Y PTAP | Insumos ambientales","og_description":"[vc_row css=&#8221;.vc_custom_1655921723847{padding-top: 7% !important;}&#8221;][vc_column][vc_row_inner content_placement=&#8221;middle&#8221;][vc_column_inner][vc_custom_heading text=&#8221;Plantas de tratamiento de agua PTAR Y PTAP&#8221; font_container=&#8221;tag:h2|font_size:2.125rem|text_align:left|color:%23100c82|line_height:1&#8243; use_theme_fonts=&#8221;yes&#8221; el_class=&#8221;mb-2&#8243;][vc_column_text] En INSUMOS AMBIENTALES S.A.S., sabemos la importancia del agua como recurso vital para todos los seres vivos. Es por esto que en b\u00fasqueda de cubrir las necesidades de abastecimiento del l\u00edquido vital en poblaciones que no cuentan con agua [&hellip;]","og_url":"https:\/\/www.insumosambientales.com\/plantas-de-tratamiento-de-agua\/","og_site_name":"Insumos ambientales","article_publisher":"https:\/\/es-la.facebook.com\/insumosambientales.limitada\/","article_modified_time":"2022-08-16T19:12:48+00:00","og_image":[{"width":352,"height":179,"url":"https:\/\/www.insumosambientales.com\/plantas-de-tratamiento-de-agua\/wp-content\/uploads\/2022\/05\/logo.webp","type":"image\/webp"}],"twitter_card":"summary_large_image","twitter_misc":{"Tiempo de lectura":"4 minutos"},"schema":{"@context":"https:\/\/schema.org","@graph":[{"@type":"WebPage","@id":"https:\/\/www.insumosambientales.com\/plantas-de-tratamiento-de-agua\/","url":"https:\/\/www.insumosambientales.com\/plantas-de-tratamiento-de-agua\/","name":"Plantas de tratamiento de agua PTAR Y PTAP | Insumos ambientales","isPartOf":{"@id":"https:\/\/www.insumosambientales.com\/plantas-de-tratamiento-de-agua\/#website"},"datePublished":"2022-08-16T19:02:22+00:00","dateModified":"2022-08-16T19:12:48+00:00","breadcrumb":{"@id":"https:\/\/www.insumosambientales.com\/plantas-de-tratamiento-de-agua\/#breadcrumb"},"inLanguage":"es-CO","potentialAction":[{"@type":"ReadAction","target":["https:\/\/www.insumosambientales.com\/plantas-de-tratamiento-de-agua\/"]}]},{"@type":"BreadcrumbList","@id":"https:\/\/www.insumosambientales.com\/plantas-de-tratamiento-de-agua\/#breadcrumb","itemListElement":[{"@type":"ListItem","position":1,"name":"Inicio","item":"https:\/\/www.insumosambientales.com\/plantas-de-tratamiento-de-agua\/"},{"@type":"ListItem","position":2,"name":"Plantas de tratamiento de agua PTAR Y PTAP"}]},{"@type":"WebSite","@id":"https:\/\/www.insumosambientales.com\/plantas-de-tratamiento-de-agua\/#website","url":"https:\/\/www.insumosambientales.com\/plantas-de-tratamiento-de-agua\/","name":"insumosambientales.com","description":"Trampas de Grasas Medellin","publisher":{"@id":"https:\/\/www.insumosambientales.com\/plantas-de-tratamiento-de-agua\/#organization"},"alternateName":"insumos ambientales","potentialAction":[{"@type":"SearchAction","target":{"@type":"EntryPoint","urlTemplate":"https:\/\/www.insumosambientales.com\/plantas-de-tratamiento-de-agua\/?s={search_term_string}"},"query-input":{"@type":"PropertyValueSpecification","valueRequired":true,"valueName":"search_term_string"}}],"inLanguage":"es-CO"},{"@type":"Organization","@id":"https:\/\/www.insumosambientales.com\/plantas-de-tratamiento-de-agua\/#organization","name":"Insumos ambientales","url":"https:\/\/www.insumosambientales.com\/plantas-de-tratamiento-de-agua\/","logo":{"@type":"ImageObject","inLanguage":"es-CO","@id":"https:\/\/www.insumosambientales.com\/plantas-de-tratamiento-de-agua\/#\/schema\/logo\/image\/","url":"https:\/\/www.insumosambientales.com\/wp-content\/uploads\/2022\/05\/logo.webp","contentUrl":"https:\/\/www.insumosambientales.com\/wp-content\/uploads\/2022\/05\/logo.webp","width":352,"height":179,"caption":"Insumos ambientales"},"image":{"@id":"https:\/\/www.insumosambientales.com\/plantas-de-tratamiento-de-agua\/#\/schema\/logo\/image\/"},"sameAs":["https:\/\/es-la.facebook.com\/insumosambientales.limitada\/","https:\/\/www.instagram.com\/insumos_ambientales_s.a.s\/?hl=es-la"]}]}},"_links":{"self":[{"href":"https:\/\/www.insumosambientales.com\/plantas-de-tratamiento-de-agua\/wp-json\/wp\/v2\/pages\/4633","targetHints":{"allow":["GET"]}}],"collection":[{"href":"https:\/\/www.insumosambientales.com\/plantas-de-tratamiento-de-agua\/wp-json\/wp\/v2\/pages"}],"about":[{"href":"https:\/\/www.insumosambientales.com\/plantas-de-tratamiento-de-agua\/wp-json\/wp\/v2\/types\/page"}],"author":[{"embeddable":true,"href":"https:\/\/www.insumosambientales.com\/plantas-de-tratamiento-de-agua\/wp-json\/wp\/v2\/users\/1"}],"replies":[{"embeddable":true,"href":"https:\/\/www.insumosambientales.com\/plantas-de-tratamiento-de-agua\/wp-json\/wp\/v2\/comments?post=4633"}],"version-history":[{"count":0,"href":"https:\/\/www.insumosambientales.com\/plantas-de-tratamiento-de-agua\/wp-json\/wp\/v2\/pages\/4633\/revisions"}],"wp:attachment":[{"href":"https:\/\/www.insumosambientales.com\/plantas-de-tratamiento-de-agua\/wp-json\/wp\/v2\/media?parent=4633"}],"curies":[{"name":"wp","href":"https:\/\/api.w.org\/{rel}","templated":true}]}}