{"id":4591,"date":"2022-08-16T11:20:35","date_gmt":"2022-08-16T16:20:35","guid":{"rendered":"https:\/\/www.insumosambientales.com\/?page_id=4591"},"modified":"2022-08-16T11:20:35","modified_gmt":"2022-08-16T16:20:35","slug":"trampas-de-grasa-y-sistemas-de-pre-tratamiento","status":"publish","type":"page","link":"https:\/\/www.insumosambientales.com\/trampas-de-grasa\/","title":{"rendered":"Trampas de grasa y sistemas de pre-tratamiento"},"content":{"rendered":"<p>[vc_row css=&#8221;.vc_custom_1655921723847{padding-top: 7% !important;}&#8221;][vc_column][vc_row_inner content_placement=&#8221;middle&#8221;][vc_column_inner][vc_custom_heading text=&#8221;Qu\u00e9 es un sistema de pre-tratamiento&#8221; font_container=&#8221;tag:h2|font_size:2.125rem|text_align:left|color:%23100c82|line_height:1&#8243; use_theme_fonts=&#8221;yes&#8221; el_class=&#8221;mb-2&#8243;][vc_column_text]Es un Tanque ubicado entre las l\u00edneas de desag\u00fce de la zona de lavado y las alcantarillas, que permite la separaci\u00f3n y recolecci\u00f3n de Residuos, pinturas, excedentes derivados del petr\u00f3leo, grasas y aceites del agua usada y evita que estos materiales ingresen en la red de alcantarillado municipal.<\/p>\n<p>La exigencia de contar con este tipo de Sistemas esta basada en las Normas de aguas residuales establecidas por el Ministerio del Medio Ambiente. Estos residuos generan enormes trastornos al sistema de alcantarillado, raz\u00f3n por la cual los municipios exigen que los generadores de grasas y aceites comerciales, instalen un adecuado sistema de pre\u2014tratamiento.<br \/>\n[\/vc_column_text][\/vc_column_inner][\/vc_row_inner][vc_row_inner content_placement=&#8221;middle&#8221;][vc_column_inner width=&#8221;1\/3&#8243;][vc_single_image image=&#8221;4449&#8243; img_size=&#8221;full&#8221;][\/vc_column_inner][vc_column_inner width=&#8221;2\/3&#8243;][vc_single_image image=&#8221;4533&#8243; img_size=&#8221;full&#8221; alignment=&#8221;center&#8221;][\/vc_column_inner][\/vc_row_inner][vc_separator color=&#8221;custom&#8221; accent_color=&#8221;rgba(51,51,51,0.13)&#8221; css=&#8221;.vc_custom_1655922145862{margin-top: 40px !important;margin-bottom: 70px !important;}&#8221;][vc_row_inner content_placement=&#8221;middle&#8221;][vc_column_inner][vc_custom_heading text=&#8221;Galer\u00eda&#8221; font_container=&#8221;tag:h2|font_size:1.2rem|text_align:left|color:%23100c82|line_height:1&#8243; use_theme_fonts=&#8221;yes&#8221; el_class=&#8221;mb-2&#8243; css=&#8221;.vc_custom_1656165078053{padding-bottom: 20px !important;}&#8221;][vc_media_grid grid_id=&#8221;vc_gid:1660666661446-e1062ec5-d98e-3&#8243; include=&#8221;4537,4538,4539,4540,4536,4535&#8243;][\/vc_column_inner][\/vc_row_inner][vc_separator color=&#8221;custom&#8221; accent_color=&#8221;rgba(51,51,51,0.13)&#8221; css=&#8221;.vc_custom_1655922145862{margin-top: 40px !important;margin-bottom: 70px !important;}&#8221;][vc_row_inner content_placement=&#8221;middle&#8221;][vc_column_inner][vc_custom_heading text=&#8221;Problemas progresivos de taponamiento en tuber\u00edas industriales&#8221; font_container=&#8221;tag:h2|font_size:1.2rem|text_align:left|color:%23100c82|line_height:1&#8243; use_theme_fonts=&#8221;yes&#8221; el_class=&#8221;mb-2&#8243; css=&#8221;.vc_custom_1655927816892{padding-bottom: 20px !important;}&#8221;][vc_media_grid grid_id=&#8221;vc_gid:1660666661448-eacbd9fb-b6b6-7&#8243; include=&#8221;4411,4454,4455&#8243;][\/vc_column_inner][\/vc_row_inner][vc_separator color=&#8221;custom&#8221; accent_color=&#8221;rgba(51,51,51,0.13)&#8221; css=&#8221;.vc_custom_1655922145862{margin-top: 40px !important;margin-bottom: 70px !important;}&#8221;][vc_row_inner content_placement=&#8221;middle&#8221;][vc_column_inner width=&#8221;1\/2&#8243;][vc_media_grid element_width=&#8221;6&#8243; grid_id=&#8221;vc_gid:1660666661449-8d37b172-f555-4&#8243; include=&#8221;4462,4463&#8243;][\/vc_column_inner][vc_column_inner width=&#8221;1\/2&#8243;][vc_column_text]<strong>FIBRA DE VIDRIO y PL\u00c1STICAS<\/strong>, se instalan en las afueras de los establecimientos[\/vc_column_text][\/vc_column_inner][\/vc_row_inner][vc_separator color=&#8221;custom&#8221; accent_color=&#8221;rgba(51,51,51,0.13)&#8221; css=&#8221;.vc_custom_1655922145862{margin-top: 40px !important;margin-bottom: 70px !important;}&#8221;][vc_row_inner content_placement=&#8221;middle&#8221;][vc_column_inner width=&#8221;1\/2&#8243;][vc_column_text]<\/p>\n<p style=\"text-align: JUSTIFY;\"><strong>ACERO INOXIDABLE:<\/strong> Se pueden instalar internamente de los establecimientos debajo de los pozuelos y tambi\u00e9n se hacen para enterrar, son las m\u00e1s recomendadas porque son m\u00e1s f\u00e1ciles de limpiar, manejar, adem\u00e1s de ser mas higi\u00e9nicas.<\/p>\n<p>[\/vc_column_text][\/vc_column_inner][vc_column_inner width=&#8221;1\/2&#8243;][vc_media_grid element_width=&#8221;6&#8243; grid_id=&#8221;vc_gid:1660666661450-e9b2814e-78cc-4&#8243; include=&#8221;4466,4416&#8243;][\/vc_column_inner][\/vc_row_inner][vc_separator color=&#8221;custom&#8221; accent_color=&#8221;rgba(51,51,51,0.13)&#8221; css=&#8221;.vc_custom_1655922145862{margin-top: 40px !important;margin-bottom: 70px !important;}&#8221;][vc_row_inner content_placement=&#8221;middle&#8221;][vc_column_inner][vc_column_text]En nuestra empresa INSUMOS AMBIENTALES S.A.S., tenemos dise\u00f1os propios de Sistemas de Pre-tratamiento, regidos bajos las normas y par\u00e1metros ambientales, estos cuentan con caracter\u00edsticas adicionales tales como:<br \/>\n[\/vc_column_text][\/vc_column_inner][\/vc_row_inner][vc_row_inner][vc_column_inner width=&#8221;1\/3&#8243;][vc_custom_heading text=&#8221;Las de pozuelo&#8221; font_container=&#8221;tag:h2|font_size:1.2rem|text_align:left|color:%23100c82|line_height:1&#8243; use_theme_fonts=&#8221;yes&#8221; el_class=&#8221;mb-2&#8243; css=&#8221;.vc_custom_1655931865046{padding-bottom: 20px !important;}&#8221;]<style>#porto-info-list191980118269d0356d6b008 i { color: #100c82;font-size: 20px; }<\/style><ul id=\"porto-info-list191980118269d0356d6b008\" class=\"porto-info-list \"><li class=\"porto-info-list-item\"><i class=\"porto-info-icon fas fa-chevron-circle-right\"><\/i><div class=\"porto-info-list-item-desc\">Rejilla retenedora de s\u00f3lidos<br \/>\n<\/div><\/li><li class=\"porto-info-list-item\"><i class=\"porto-info-icon fas fa-chevron-circle-right\"><\/i><div class=\"porto-info-list-item-desc\">Tapa removible<br \/>\n<\/div><\/li><li class=\"porto-info-list-item\"><i class=\"porto-info-icon fas fa-chevron-circle-right\"><\/i><div class=\"porto-info-list-item-desc\">Materiales en acero inoxidable<br \/>\n<\/div><\/li><li class=\"porto-info-list-item\"><i class=\"porto-info-icon fas fa-chevron-circle-right\"><\/i><div class=\"porto-info-list-item-desc\">Medidas de acuerdo con el lavaplatos<br \/>\n<\/div><\/li><li class=\"porto-info-list-item\"><i class=\"porto-info-icon fas fa-chevron-circle-right\"><\/i><div class=\"porto-info-list-item-desc\">Llave de evacuaci\u00f3n<br \/>\n<\/div><\/li><li class=\"porto-info-list-item\"><i class=\"porto-info-icon fas fa-chevron-circle-right\"><\/i><div class=\"porto-info-list-item-desc\">Patas en acero Inoxidable<br \/>\n<\/div><\/li><\/ul>[\/vc_column_inner][vc_column_inner width=&#8221;1\/3&#8243;][vc_custom_heading text=&#8221;Las enterradas&#8221; font_container=&#8221;tag:h2|font_size:1.2rem|text_align:left|color:%23100c82|line_height:1&#8243; use_theme_fonts=&#8221;yes&#8221; el_class=&#8221;mb-2&#8243; css=&#8221;.vc_custom_1655932070158{padding-bottom: 20px !important;}&#8221;]<style>#porto-info-list128346855469d0356d6b6a6 i { color: #100c82;font-size: 20px; }<\/style><ul id=\"porto-info-list128346855469d0356d6b6a6\" class=\"porto-info-list \"><li class=\"porto-info-list-item\"><i class=\"porto-info-icon fas fa-arrow-circle-right\"><\/i><div class=\"porto-info-list-item-desc\">Tapas en madera pl\u00e1stica<br \/>\n<\/div><\/li><\/ul>[\/vc_column_inner][vc_column_inner width=&#8221;1\/3&#8243;][vc_column_text]Adicionalmente Insumos Ambientales S.A.S. ofrece un valor agregado en sus productos y servicios:<br \/>\n[\/vc_column_text]<style>#porto-info-list123565211769d0356d6b765 i { color: #100c82;font-size: 20px; }<\/style><ul id=\"porto-info-list123565211769d0356d6b765\" class=\"porto-info-list \"><li class=\"porto-info-list-item\"><i class=\"porto-info-icon fas fa-arrow-circle-right\"><\/i><div class=\"porto-info-list-item-desc\">Muestras de tratamiento biol\u00f3gico, BIOCONTROL, Control de malos olores.<\/div><\/li><li class=\"porto-info-list-item\"><i class=\"porto-info-icon fas fa-arrow-circle-right\"><\/i><div class=\"porto-info-list-item-desc\">Muestras de desengrasante l\u00edquido para el lavado de las trampas.<br \/>\n<\/div><\/li><li class=\"porto-info-list-item\"><i class=\"porto-info-icon fas fa-arrow-circle-right\"><\/i><div class=\"porto-info-list-item-desc\">Manual de manejo y de uso<br \/>\n<\/div><\/li><li class=\"porto-info-list-item\"><i class=\"porto-info-icon fas fa-arrow-circle-right\"><\/i><div class=\"porto-info-list-item-desc\">Capacitaci\u00f3n para el manejo y mantenimiento de las trampas de grasas.<br \/>\n<\/div><\/li><\/ul>[\/vc_column_inner][\/vc_row_inner][\/vc_column][\/vc_row]<\/p>\n","protected":false},"excerpt":{"rendered":"<p>[vc_row css=&#8221;.vc_custom_1655921723847{padding-top: 7% !important;}&#8221;][vc_column][vc_row_inner content_placement=&#8221;middle&#8221;][vc_column_inner][vc_custom_heading text=&#8221;Qu\u00e9 es un sistema de pre-tratamiento&#8221; font_container=&#8221;tag:h2|font_size:2.125rem|text_align:left|color:%23100c82|line_height:1&#8243; use_theme_fonts=&#8221;yes&#8221; el_class=&#8221;mb-2&#8243;][vc_column_text]Es un Tanque ubicado entre las l\u00edneas de desag\u00fce de la zona de lavado y las alcantarillas, que permite la separaci\u00f3n y recolecci\u00f3n de Residuos, pinturas, excedentes derivados del petr\u00f3leo, grasas y aceites del agua usada y evita que estos materiales ingresen [&hellip;]<\/p>\n","protected":false},"author":1,"featured_media":0,"parent":0,"menu_order":0,"comment_status":"closed","ping_status":"closed","template":"","meta":{"footnotes":""},"class_list":["post-4591","page","type-page","status-publish","hentry"],"yoast_head":"<!-- This site is optimized with the Yoast SEO plugin v27.1.1 - https:\/\/yoast.com\/product\/yoast-seo-wordpress\/ -->\n<title>Trampas de grasa y sistemas de pre-tratamiento | Insumos ambientales Trampas de Grasas<\/title>\n<meta name=\"robots\" content=\"index, follow, max-snippet:-1, max-image-preview:large, max-video-preview:-1\" \/>\n<link rel=\"canonical\" href=\"https:\/\/www.insumosambientales.com\/trampas-de-grasa\/\" \/>\n<meta property=\"og:locale\" content=\"es_ES\" \/>\n<meta property=\"og:type\" content=\"article\" \/>\n<meta property=\"og:title\" content=\"Trampas de grasa y sistemas de pre-tratamiento | Insumos ambientales Trampas de Grasas\" \/>\n<meta property=\"og:description\" content=\"[vc_row css=&#8221;.vc_custom_1655921723847{padding-top: 7% !important;}&#8221;][vc_column][vc_row_inner content_placement=&#8221;middle&#8221;][vc_column_inner][vc_custom_heading text=&#8221;Qu\u00e9 es un sistema de pre-tratamiento&#8221; font_container=&#8221;tag:h2|font_size:2.125rem|text_align:left|color:%23100c82|line_height:1&#8243; use_theme_fonts=&#8221;yes&#8221; el_class=&#8221;mb-2&#8243;][vc_column_text]Es un Tanque ubicado entre las l\u00edneas de desag\u00fce de la zona de lavado y las alcantarillas, que permite la separaci\u00f3n y recolecci\u00f3n de Residuos, pinturas, excedentes derivados del petr\u00f3leo, grasas y aceites del agua usada y evita que estos materiales ingresen [&hellip;]\" \/>\n<meta property=\"og:url\" content=\"https:\/\/www.insumosambientales.com\/trampas-de-grasa\/\" \/>\n<meta property=\"og:site_name\" content=\"Insumos ambientales Trampas de Grasas\" \/>\n<meta property=\"article:publisher\" content=\"https:\/\/es-la.facebook.com\/insumosambientales.limitada\/\" \/>\n<meta property=\"og:image\" content=\"https:\/\/www.insumosambientales.com\/trampas-de-grasa\/wp-content\/uploads\/2022\/05\/logo.webp\" \/>\n\t<meta property=\"og:image:width\" content=\"352\" \/>\n\t<meta property=\"og:image:height\" content=\"179\" \/>\n\t<meta property=\"og:image:type\" content=\"image\/webp\" \/>\n<meta name=\"twitter:card\" content=\"summary_large_image\" \/>\n<meta name=\"twitter:label1\" content=\"Tiempo de lectura\" \/>\n\t<meta name=\"twitter:data1\" content=\"5 minutos\" \/>\n<script type=\"application\/ld+json\" class=\"yoast-schema-graph\">{\"@context\":\"https:\/\/schema.org\",\"@graph\":[{\"@type\":\"WebPage\",\"@id\":\"https:\/\/www.insumosambientales.com\/trampas-de-grasa\/\",\"url\":\"https:\/\/www.insumosambientales.com\/trampas-de-grasa\/\",\"name\":\"Trampas de grasa y sistemas de pre-tratamiento | Insumos ambientales Trampas de Grasas\",\"isPartOf\":{\"@id\":\"https:\/\/www.insumosambientales.com\/trampas-de-grasa\/#website\"},\"datePublished\":\"2022-08-16T16:20:35+00:00\",\"breadcrumb\":{\"@id\":\"https:\/\/www.insumosambientales.com\/trampas-de-grasa\/#breadcrumb\"},\"inLanguage\":\"es-CO\",\"potentialAction\":[{\"@type\":\"ReadAction\",\"target\":[\"https:\/\/www.insumosambientales.com\/trampas-de-grasa\/\"]}]},{\"@type\":\"BreadcrumbList\",\"@id\":\"https:\/\/www.insumosambientales.com\/trampas-de-grasa\/#breadcrumb\",\"itemListElement\":[{\"@type\":\"ListItem\",\"position\":1,\"name\":\"Inicio\",\"item\":\"https:\/\/www.insumosambientales.com\/trampas-de-grasa\/\"},{\"@type\":\"ListItem\",\"position\":2,\"name\":\"Trampas de grasa y sistemas de pre-tratamiento\"}]},{\"@type\":\"WebSite\",\"@id\":\"https:\/\/www.insumosambientales.com\/trampas-de-grasa\/#website\",\"url\":\"https:\/\/www.insumosambientales.com\/trampas-de-grasa\/\",\"name\":\"insumosambientales.com\/trampas-de-grasa\/\",\"description\":\"Trampas de Grasas Medellin\",\"publisher\":{\"@id\":\"https:\/\/www.insumosambientales.com\/trampas-de-grasa\/#organization\"},\"alternateName\":\"insumos ambientales\",\"potentialAction\":[{\"@type\":\"SearchAction\",\"target\":{\"@type\":\"EntryPoint\",\"urlTemplate\":\"https:\/\/www.insumosambientales.com\/trampas-de-grasa\/?s={search_term_string}\"},\"query-input\":{\"@type\":\"PropertyValueSpecification\",\"valueRequired\":true,\"valueName\":\"search_term_string\"}}],\"inLanguage\":\"es-CO\"},{\"@type\":\"Organization\",\"@id\":\"https:\/\/www.insumosambientales.com\/trampas-de-grasa\/#organization\",\"name\":\"Insumos ambientales\",\"url\":\"https:\/\/www.insumosambientales.com\/trampas-de-grasa\/\",\"logo\":{\"@type\":\"ImageObject\",\"inLanguage\":\"es-CO\",\"@id\":\"https:\/\/www.insumosambientales.com\/trampas-de-grasa\/#\/schema\/logo\/image\/\",\"url\":\"https:\/\/www.insumosambientales.com\/trampas-de-grasa\/wp-content\/uploads\/2022\/05\/cropped-logo.webp\",\"contentUrl\":\"https:\/\/www.insumosambientales.com\/trampas-de-grasa\/wp-content\/uploads\/2022\/05\/cropped-logo.webp\",\"width\":512,\"height\":512,\"caption\":\"Insumos ambientales\"},\"image\":{\"@id\":\"https:\/\/www.insumosambientales.com\/trampas-de-grasa\/#\/schema\/logo\/image\/\"},\"sameAs\":[\"https:\/\/es-la.facebook.com\/insumosambientales.limitada\/\",\"https:\/\/www.instagram.com\/insumos_ambientales_s.a.s\/?hl=es-la\"]}]}<\/script>\n<!-- \/ Yoast SEO plugin. -->","yoast_head_json":{"title":"Trampas de grasa y sistemas de pre-tratamiento | Insumos ambientales Trampas de Grasas","robots":{"index":"index","follow":"follow","max-snippet":"max-snippet:-1","max-image-preview":"max-image-preview:large","max-video-preview":"max-video-preview:-1"},"canonical":"https:\/\/www.insumosambientales.com\/trampas-de-grasa\/","og_locale":"es_ES","og_type":"article","og_title":"Trampas de grasa y sistemas de pre-tratamiento | Insumos ambientales Trampas de Grasas","og_description":"[vc_row css=&#8221;.vc_custom_1655921723847{padding-top: 7% !important;}&#8221;][vc_column][vc_row_inner content_placement=&#8221;middle&#8221;][vc_column_inner][vc_custom_heading text=&#8221;Qu\u00e9 es un sistema de pre-tratamiento&#8221; font_container=&#8221;tag:h2|font_size:2.125rem|text_align:left|color:%23100c82|line_height:1&#8243; use_theme_fonts=&#8221;yes&#8221; el_class=&#8221;mb-2&#8243;][vc_column_text]Es un Tanque ubicado entre las l\u00edneas de desag\u00fce de la zona de lavado y las alcantarillas, que permite la separaci\u00f3n y recolecci\u00f3n de Residuos, pinturas, excedentes derivados del petr\u00f3leo, grasas y aceites del agua usada y evita que estos materiales ingresen [&hellip;]","og_url":"https:\/\/www.insumosambientales.com\/trampas-de-grasa\/","og_site_name":"Insumos ambientales Trampas de Grasas","article_publisher":"https:\/\/es-la.facebook.com\/insumosambientales.limitada\/","og_image":[{"width":352,"height":179,"url":"https:\/\/www.insumosambientales.com\/trampas-de-grasa\/wp-content\/uploads\/2022\/05\/logo.webp","type":"image\/webp"}],"twitter_card":"summary_large_image","twitter_misc":{"Tiempo de lectura":"5 minutos"},"schema":{"@context":"https:\/\/schema.org","@graph":[{"@type":"WebPage","@id":"https:\/\/www.insumosambientales.com\/trampas-de-grasa\/","url":"https:\/\/www.insumosambientales.com\/trampas-de-grasa\/","name":"Trampas de grasa y sistemas de pre-tratamiento | Insumos ambientales Trampas de Grasas","isPartOf":{"@id":"https:\/\/www.insumosambientales.com\/trampas-de-grasa\/#website"},"datePublished":"2022-08-16T16:20:35+00:00","breadcrumb":{"@id":"https:\/\/www.insumosambientales.com\/trampas-de-grasa\/#breadcrumb"},"inLanguage":"es-CO","potentialAction":[{"@type":"ReadAction","target":["https:\/\/www.insumosambientales.com\/trampas-de-grasa\/"]}]},{"@type":"BreadcrumbList","@id":"https:\/\/www.insumosambientales.com\/trampas-de-grasa\/#breadcrumb","itemListElement":[{"@type":"ListItem","position":1,"name":"Inicio","item":"https:\/\/www.insumosambientales.com\/trampas-de-grasa\/"},{"@type":"ListItem","position":2,"name":"Trampas de grasa y sistemas de pre-tratamiento"}]},{"@type":"WebSite","@id":"https:\/\/www.insumosambientales.com\/trampas-de-grasa\/#website","url":"https:\/\/www.insumosambientales.com\/trampas-de-grasa\/","name":"insumosambientales.com\/trampas-de-grasa\/","description":"Trampas de Grasas Medellin","publisher":{"@id":"https:\/\/www.insumosambientales.com\/trampas-de-grasa\/#organization"},"alternateName":"insumos ambientales","potentialAction":[{"@type":"SearchAction","target":{"@type":"EntryPoint","urlTemplate":"https:\/\/www.insumosambientales.com\/trampas-de-grasa\/?s={search_term_string}"},"query-input":{"@type":"PropertyValueSpecification","valueRequired":true,"valueName":"search_term_string"}}],"inLanguage":"es-CO"},{"@type":"Organization","@id":"https:\/\/www.insumosambientales.com\/trampas-de-grasa\/#organization","name":"Insumos ambientales","url":"https:\/\/www.insumosambientales.com\/trampas-de-grasa\/","logo":{"@type":"ImageObject","inLanguage":"es-CO","@id":"https:\/\/www.insumosambientales.com\/trampas-de-grasa\/#\/schema\/logo\/image\/","url":"https:\/\/www.insumosambientales.com\/trampas-de-grasa\/wp-content\/uploads\/2022\/05\/cropped-logo.webp","contentUrl":"https:\/\/www.insumosambientales.com\/trampas-de-grasa\/wp-content\/uploads\/2022\/05\/cropped-logo.webp","width":512,"height":512,"caption":"Insumos ambientales"},"image":{"@id":"https:\/\/www.insumosambientales.com\/trampas-de-grasa\/#\/schema\/logo\/image\/"},"sameAs":["https:\/\/es-la.facebook.com\/insumosambientales.limitada\/","https:\/\/www.instagram.com\/insumos_ambientales_s.a.s\/?hl=es-la"]}]}},"_links":{"self":[{"href":"https:\/\/www.insumosambientales.com\/trampas-de-grasa\/wp-json\/wp\/v2\/pages\/4591","targetHints":{"allow":["GET"]}}],"collection":[{"href":"https:\/\/www.insumosambientales.com\/trampas-de-grasa\/wp-json\/wp\/v2\/pages"}],"about":[{"href":"https:\/\/www.insumosambientales.com\/trampas-de-grasa\/wp-json\/wp\/v2\/types\/page"}],"author":[{"embeddable":true,"href":"https:\/\/www.insumosambientales.com\/trampas-de-grasa\/wp-json\/wp\/v2\/users\/1"}],"replies":[{"embeddable":true,"href":"https:\/\/www.insumosambientales.com\/trampas-de-grasa\/wp-json\/wp\/v2\/comments?post=4591"}],"version-history":[{"count":0,"href":"https:\/\/www.insumosambientales.com\/trampas-de-grasa\/wp-json\/wp\/v2\/pages\/4591\/revisions"}],"wp:attachment":[{"href":"https:\/\/www.insumosambientales.com\/trampas-de-grasa\/wp-json\/wp\/v2\/media?parent=4591"}],"curies":[{"name":"wp","href":"https:\/\/api.w.org\/{rel}","templated":true}]}}