{"id":4479,"date":"2022-06-22T16:17:33","date_gmt":"2022-06-22T21:17:33","guid":{"rendered":"https:\/\/www.insumosambientales.com\/?page_id=4479"},"modified":"2022-08-16T11:29:42","modified_gmt":"2022-08-16T16:29:42","slug":"trampa-de-yeso","status":"publish","type":"page","link":"https:\/\/www.insumosambientales.com\/trampas-de-yeso\/","title":{"rendered":"Trampa de Yeso"},"content":{"rendered":"<p>[vc_row css=&#8221;.vc_custom_1655921723847{padding-top: 7% !important;}&#8221;][vc_column][vc_row_inner][vc_column_inner][vc_custom_heading text=&#8221;Trampa de Yeso&#8221; font_container=&#8221;tag:h2|font_size:2.125rem|text_align:center|color:%23100c82|line_height:1&#8243; use_theme_fonts=&#8221;yes&#8221; el_class=&#8221;mb-2&#8243;][vc_custom_heading text=&#8221;Es un recipiente en Acero Inoxidable, con accesorios internos que retienen contenidos de Yeso y Calcio de las aguas residuales.&#8221; font_container=&#8221;tag:h5|font_size:1rem|text_align:center|color:%2300b146|line_height:1.2&#8243; use_theme_fonts=&#8221;yes&#8221; font_weight=&#8221;600&#8243; letter_spacing=&#8221;-.025em&#8221; el_class=&#8221;m-b-md pb-4&#8243; css=&#8221;.vc_custom_1655932648309{border-bottom-width: 1px !important;border-bottom-color: #e7e7e7 !important;border-bottom-style: solid !important;}&#8221;][\/vc_column_inner][\/vc_row_inner][vc_row_inner content_placement=&#8221;middle&#8221;][vc_column_inner width=&#8221;2\/3&#8243;][vc_column_text]<\/p>\n<p style=\"text-align: justify;\">Equipo especialmente dise\u00f1ado para cumplir requerimientos de las autoridades ambientales tales como la Resoluci\u00f3n 0631, para mejorar par\u00e1metros F\u00edsico \u2013 Qu\u00edmicos de las aguas y as\u00ed evitar sanciones y problemas de obstrucciones futuras.<\/p>\n<p style=\"text-align: justify;\">Los lavados de equipos, utensilios y manos con residuos de yeso que provienen de actividades Dentales y de procedimientos Quir\u00fargicos, hacen que las tuber\u00edas de los alcantarillados se cierren por la formaci\u00f3n de incrustaciones alrededor de las mismas. Cuando una tuber\u00eda se cierra por completo hay que dise\u00f1ar nuevamente, si se puede, un sistema de aguas residuales lo cual acarrear\u00eda problemas en la prestaci\u00f3n de servicios, debido a que en algunos casos es necesario cerrar de manera parcial o total los establecimientos para realizar las obras, adem\u00e1s se tendr\u00eda que incurrir en altos costos.[\/vc_column_text][\/vc_column_inner][vc_column_inner width=&#8221;1\/3&#8243;][vc_column_text]<img decoding=\"async\" class=\"alignnone size-full wp-image-4482\" src=\"https:\/\/www.insumosambientales.com\/wp-content\/uploads\/2022\/06\/Imagen5-1.png\" alt=\"\" width=\"100%\" height=\"auto\" \/>[\/vc_column_text][\/vc_column_inner][\/vc_row_inner][vc_separator color=&#8221;custom&#8221; accent_color=&#8221;rgba(51,51,51,0.13)&#8221; css=&#8221;.vc_custom_1655922145862{margin-top: 40px !important;margin-bottom: 70px !important;}&#8221;][vc_row_inner content_placement=&#8221;middle&#8221;][vc_column_inner][vc_custom_heading text=&#8221;Obstrucciones por yeso en las tuber\u00edas&#8221; font_container=&#8221;tag:h2|font_size:1.2rem|text_align:left|color:%23100c82|line_height:1&#8243; use_theme_fonts=&#8221;yes&#8221; el_class=&#8221;mb-2&#8243; css=&#8221;.vc_custom_1655932831912{padding-bottom: 20px !important;}&#8221;][vc_media_grid grid_id=&#8221;vc_gid:1660667338006-f2d6c3b3-50f2-5&#8243; include=&#8221;4487,4490,4491&#8243;][\/vc_column_inner][\/vc_row_inner][vc_separator color=&#8221;custom&#8221; accent_color=&#8221;rgba(51,51,51,0.13)&#8221; css=&#8221;.vc_custom_1655922145862{margin-top: 40px !important;margin-bottom: 70px !important;}&#8221;][vc_row_inner content_placement=&#8221;middle&#8221;][vc_column_inner width=&#8221;1\/2&#8243;][vc_custom_heading text=&#8221;\u00bfPor qu\u00e9 se presentan?&#8221; font_container=&#8221;tag:h2|font_size:1.2rem|text_align:left|color:%23100c82|line_height:1&#8243; use_theme_fonts=&#8221;yes&#8221; el_class=&#8221;mb-2&#8243; css=&#8221;.vc_custom_1660667303847{padding-bottom: 20px !important;}&#8221;][vc_column_text]<\/p>\n<p style=\"text-align: justify;\">Estas obstrucciones se presentan debido a que en muchos de los lugares que se realizan procedimientos de enyesado, no se cuenta con las trampas de yeso ni con los cuidados necesarios a la hora de realizar los vertimientos.[\/vc_column_text][\/vc_column_inner][vc_column_inner width=&#8221;1\/2&#8243;][vc_media_grid element_width=&#8221;6&#8243; grid_id=&#8221;vc_gid:1660667338008-e47a9494-5dac-3&#8243; include=&#8221;4494,4495&#8243;][\/vc_column_inner][\/vc_row_inner][vc_separator color=&#8221;custom&#8221; accent_color=&#8221;rgba(51,51,51,0.13)&#8221; css=&#8221;.vc_custom_1655922145862{margin-top: 40px !important;margin-bottom: 70px !important;}&#8221;][vc_row_inner content_placement=&#8221;middle&#8221;][vc_column_inner][vc_custom_heading text=&#8221;\u00bfC\u00f3mo evitarlas?&#8221; font_container=&#8221;tag:h2|font_size:1.2rem|text_align:left|color:%23100c82|line_height:1&#8243; use_theme_fonts=&#8221;yes&#8221; el_class=&#8221;mb-2&#8243; css=&#8221;.vc_custom_1660667379546{padding-bottom: 20px !important;}&#8221;][vc_column_text]<\/p>\n<p style=\"text-align: justify;\">Se deben instalar las trampas de yeso en Cl\u00ednicas, Hospitales, Veterinarias, Laboratorios Dentales, empresas de cosm\u00e9ticos, Laboratorios Industriales, y en general en todo tipo de empresa o Instituci\u00f3n que trabaje con residuos de yeso o calcio. Tambi\u00e9n es muy recomendable tener un mayor control en los vertimiento en el momento de realizar los procesos de limpieza.<\/p>\n<p style=\"text-align: justify;\">En nuestra empresa INSUMOS AMBIENTALES SAS, tenemos dise\u00f1os propios de Trampas de Yeso con las siguientes caracter\u00edsticas:[\/vc_column_text][\/vc_column_inner][\/vc_row_inner][vc_row_inner][vc_column_inner width=&#8221;1\/2&#8243;]<style>#porto-info-list125435783869c815337fa8d i { color: #100c82;font-size: 20px; }<\/style><ul id=\"porto-info-list125435783869c815337fa8d\" class=\"porto-info-list \"><li class=\"porto-info-list-item\"><i class=\"porto-info-icon fas fa-chevron-circle-right\"><\/i><div class=\"porto-info-list-item-desc\">Rejilla retenedora de s\u00f3lidos<br \/>\n<\/div><\/li><li class=\"porto-info-list-item\"><i class=\"porto-info-icon fas fa-chevron-circle-right\"><\/i><div class=\"porto-info-list-item-desc\">Tapa removible<br \/>\n<\/div><\/li><li class=\"porto-info-list-item\"><i class=\"porto-info-icon fas fa-chevron-circle-right\"><\/i><div class=\"porto-info-list-item-desc\">Materiales en acero inoxidable<br \/>\n<\/div><\/li><li class=\"porto-info-list-item\"><i class=\"porto-info-icon fas fa-chevron-circle-right\"><\/i><div class=\"porto-info-list-item-desc\">Llave de evacuaci\u00f3n<br \/>\n<\/div><\/li><li class=\"porto-info-list-item\"><i class=\"porto-info-icon fas fa-chevron-circle-right\"><\/i><div class=\"porto-info-list-item-desc\">Patas en acero Inoxidable<br \/>\n<\/div><\/li><li class=\"porto-info-list-item\"><i class=\"porto-info-icon fas fa-chevron-circle-right\"><\/i><div class=\"porto-info-list-item-desc\">Capacitaci\u00f3n para el manejo y mantenimiento de la trampas<br \/>\n<\/div><\/li><li class=\"porto-info-list-item\"><i class=\"porto-info-icon fas fa-chevron-circle-right\"><\/i><div class=\"porto-info-list-item-desc\">Muestra de Tratamiento Biol\u00f3gico (Biocontrol) y Desengrasante para el mantenimiento.<br \/>\n<\/div><\/li><\/ul>[\/vc_column_inner][vc_column_inner width=&#8221;1\/2&#8243;][vc_media_grid element_width=&#8221;6&#8243; grid_id=&#8221;vc_gid:1660667338011-eae5326c-ac1a-4&#8243; include=&#8221;4500,4501&#8243;][\/vc_column_inner][\/vc_row_inner][\/vc_column][\/vc_row]<\/p>\n","protected":false},"excerpt":{"rendered":"<p>[vc_row css=&#8221;.vc_custom_1655921723847{padding-top: 7% !important;}&#8221;][vc_column][vc_row_inner][vc_column_inner][vc_custom_heading text=&#8221;Trampa de Yeso&#8221; font_container=&#8221;tag:h2|font_size:2.125rem|text_align:center|color:%23100c82|line_height:1&#8243; use_theme_fonts=&#8221;yes&#8221; el_class=&#8221;mb-2&#8243;][vc_custom_heading text=&#8221;Es un recipiente en Acero Inoxidable, con accesorios internos que retienen contenidos de Yeso y Calcio de las aguas residuales.&#8221; font_container=&#8221;tag:h5|font_size:1rem|text_align:center|color:%2300b146|line_height:1.2&#8243; use_theme_fonts=&#8221;yes&#8221; font_weight=&#8221;600&#8243; letter_spacing=&#8221;-.025em&#8221; el_class=&#8221;m-b-md pb-4&#8243; css=&#8221;.vc_custom_1655932648309{border-bottom-width: 1px !important;border-bottom-color: #e7e7e7 !important;border-bottom-style: solid !important;}&#8221;][\/vc_column_inner][\/vc_row_inner][vc_row_inner content_placement=&#8221;middle&#8221;][vc_column_inner width=&#8221;2\/3&#8243;][vc_column_text] Equipo especialmente dise\u00f1ado para cumplir requerimientos de las autoridades ambientales [&hellip;]<\/p>\n","protected":false},"author":1,"featured_media":0,"parent":0,"menu_order":0,"comment_status":"closed","ping_status":"closed","template":"","meta":{"footnotes":""},"class_list":["post-4479","page","type-page","status-publish","hentry"],"yoast_head":"<!-- This site is optimized with the Yoast SEO plugin v27.1.1 - https:\/\/yoast.com\/product\/yoast-seo-wordpress\/ -->\n<title>Trampa de Yeso | Insumos ambientales<\/title>\n<meta name=\"robots\" content=\"index, follow, max-snippet:-1, max-image-preview:large, max-video-preview:-1\" \/>\n<link rel=\"canonical\" href=\"https:\/\/www.insumosambientales.com\/trampas-de-yeso\/\" \/>\n<meta property=\"og:locale\" content=\"es_ES\" \/>\n<meta property=\"og:type\" content=\"article\" \/>\n<meta property=\"og:title\" content=\"Trampa de Yeso | Insumos ambientales\" \/>\n<meta property=\"og:description\" content=\"[vc_row css=&#8221;.vc_custom_1655921723847{padding-top: 7% !important;}&#8221;][vc_column][vc_row_inner][vc_column_inner][vc_custom_heading text=&#8221;Trampa de Yeso&#8221; font_container=&#8221;tag:h2|font_size:2.125rem|text_align:center|color:%23100c82|line_height:1&#8243; use_theme_fonts=&#8221;yes&#8221; el_class=&#8221;mb-2&#8243;][vc_custom_heading text=&#8221;Es un recipiente en Acero Inoxidable, con accesorios internos que retienen contenidos de Yeso y Calcio de las aguas residuales.&#8221; font_container=&#8221;tag:h5|font_size:1rem|text_align:center|color:%2300b146|line_height:1.2&#8243; use_theme_fonts=&#8221;yes&#8221; font_weight=&#8221;600&#8243; letter_spacing=&#8221;-.025em&#8221; el_class=&#8221;m-b-md pb-4&#8243; css=&#8221;.vc_custom_1655932648309{border-bottom-width: 1px !important;border-bottom-color: #e7e7e7 !important;border-bottom-style: solid !important;}&#8221;][\/vc_column_inner][\/vc_row_inner][vc_row_inner content_placement=&#8221;middle&#8221;][vc_column_inner width=&#8221;2\/3&#8243;][vc_column_text] Equipo especialmente dise\u00f1ado para cumplir requerimientos de las autoridades ambientales [&hellip;]\" \/>\n<meta property=\"og:url\" content=\"https:\/\/www.insumosambientales.com\/trampas-de-yeso\/\" \/>\n<meta property=\"og:site_name\" content=\"Insumos ambientales\" \/>\n<meta property=\"article:publisher\" content=\"https:\/\/es-la.facebook.com\/insumosambientales.limitada\/\" \/>\n<meta property=\"article:modified_time\" content=\"2022-08-16T16:29:42+00:00\" \/>\n<meta property=\"og:image\" content=\"https:\/\/www.insumosambientales.com\/wp-content\/uploads\/2022\/06\/Imagen5-1.png\" \/>\n<meta name=\"twitter:card\" content=\"summary_large_image\" \/>\n<meta name=\"twitter:label1\" content=\"Tiempo de lectura\" \/>\n\t<meta name=\"twitter:data1\" content=\"4 minutos\" \/>\n<script type=\"application\/ld+json\" class=\"yoast-schema-graph\">{\"@context\":\"https:\/\/schema.org\",\"@graph\":[{\"@type\":\"WebPage\",\"@id\":\"https:\/\/www.insumosambientales.com\/trampas-de-yeso\/\",\"url\":\"https:\/\/www.insumosambientales.com\/trampas-de-yeso\/\",\"name\":\"Trampa de Yeso | Insumos ambientales\",\"isPartOf\":{\"@id\":\"https:\/\/www.insumosambientales.com\/trampas-de-yeso\/#website\"},\"primaryImageOfPage\":{\"@id\":\"https:\/\/www.insumosambientales.com\/trampas-de-yeso\/#primaryimage\"},\"image\":{\"@id\":\"https:\/\/www.insumosambientales.com\/trampas-de-yeso\/#primaryimage\"},\"thumbnailUrl\":\"https:\/\/www.insumosambientales.com\/wp-content\/uploads\/2022\/06\/Imagen5-1.png\",\"datePublished\":\"2022-06-22T21:17:33+00:00\",\"dateModified\":\"2022-08-16T16:29:42+00:00\",\"breadcrumb\":{\"@id\":\"https:\/\/www.insumosambientales.com\/trampas-de-yeso\/#breadcrumb\"},\"inLanguage\":\"es-CO\",\"potentialAction\":[{\"@type\":\"ReadAction\",\"target\":[\"https:\/\/www.insumosambientales.com\/trampas-de-yeso\/\"]}]},{\"@type\":\"ImageObject\",\"inLanguage\":\"es-CO\",\"@id\":\"https:\/\/www.insumosambientales.com\/trampas-de-yeso\/#primaryimage\",\"url\":\"https:\/\/www.insumosambientales.com\/wp-content\/uploads\/2022\/06\/Imagen5-1.png\",\"contentUrl\":\"https:\/\/www.insumosambientales.com\/wp-content\/uploads\/2022\/06\/Imagen5-1.png\"},{\"@type\":\"BreadcrumbList\",\"@id\":\"https:\/\/www.insumosambientales.com\/trampas-de-yeso\/#breadcrumb\",\"itemListElement\":[{\"@type\":\"ListItem\",\"position\":1,\"name\":\"Inicio\",\"item\":\"https:\/\/www.insumosambientales.com\/trampas-de-yeso\/\"},{\"@type\":\"ListItem\",\"position\":2,\"name\":\"Trampa de Yeso\"}]},{\"@type\":\"WebSite\",\"@id\":\"https:\/\/www.insumosambientales.com\/trampas-de-yeso\/#website\",\"url\":\"https:\/\/www.insumosambientales.com\/trampas-de-yeso\/\",\"name\":\"insumosambientales.com\/trampas-de-yeso\/\",\"description\":\"Trampas de Grasas Medellin\",\"publisher\":{\"@id\":\"https:\/\/www.insumosambientales.com\/trampas-de-yeso\/#organization\"},\"alternateName\":\"insumos ambientales\",\"potentialAction\":[{\"@type\":\"SearchAction\",\"target\":{\"@type\":\"EntryPoint\",\"urlTemplate\":\"https:\/\/www.insumosambientales.com\/trampas-de-yeso\/?s={search_term_string}\"},\"query-input\":{\"@type\":\"PropertyValueSpecification\",\"valueRequired\":true,\"valueName\":\"search_term_string\"}}],\"inLanguage\":\"es-CO\"},{\"@type\":\"Organization\",\"@id\":\"https:\/\/www.insumosambientales.com\/trampas-de-yeso\/#organization\",\"name\":\"Insumos ambientales\",\"url\":\"https:\/\/www.insumosambientales.com\/trampas-de-yeso\/\",\"logo\":{\"@type\":\"ImageObject\",\"inLanguage\":\"es-CO\",\"@id\":\"https:\/\/www.insumosambientales.com\/trampas-de-yeso\/#\/schema\/logo\/image\/\",\"url\":\"https:\/\/www.insumosambientales.com\/trampas-de-yeso\/wp-content\/uploads\/2022\/05\/cropped-logo.webp\",\"contentUrl\":\"https:\/\/www.insumosambientales.com\/trampas-de-yeso\/wp-content\/uploads\/2022\/05\/cropped-logo.webp\",\"width\":512,\"height\":512,\"caption\":\"Insumos ambientales\"},\"image\":{\"@id\":\"https:\/\/www.insumosambientales.com\/trampas-de-yeso\/#\/schema\/logo\/image\/\"},\"sameAs\":[\"https:\/\/es-la.facebook.com\/insumosambientales.limitada\/\",\"https:\/\/www.instagram.com\/insumos_ambientales_s.a.s\/?hl=es-la\"]}]}<\/script>\n<!-- \/ Yoast SEO plugin. -->","yoast_head_json":{"title":"Trampa de Yeso | Insumos ambientales","robots":{"index":"index","follow":"follow","max-snippet":"max-snippet:-1","max-image-preview":"max-image-preview:large","max-video-preview":"max-video-preview:-1"},"canonical":"https:\/\/www.insumosambientales.com\/trampas-de-yeso\/","og_locale":"es_ES","og_type":"article","og_title":"Trampa de Yeso | Insumos ambientales","og_description":"[vc_row css=&#8221;.vc_custom_1655921723847{padding-top: 7% !important;}&#8221;][vc_column][vc_row_inner][vc_column_inner][vc_custom_heading text=&#8221;Trampa de Yeso&#8221; font_container=&#8221;tag:h2|font_size:2.125rem|text_align:center|color:%23100c82|line_height:1&#8243; use_theme_fonts=&#8221;yes&#8221; el_class=&#8221;mb-2&#8243;][vc_custom_heading text=&#8221;Es un recipiente en Acero Inoxidable, con accesorios internos que retienen contenidos de Yeso y Calcio de las aguas residuales.&#8221; font_container=&#8221;tag:h5|font_size:1rem|text_align:center|color:%2300b146|line_height:1.2&#8243; use_theme_fonts=&#8221;yes&#8221; font_weight=&#8221;600&#8243; letter_spacing=&#8221;-.025em&#8221; el_class=&#8221;m-b-md pb-4&#8243; css=&#8221;.vc_custom_1655932648309{border-bottom-width: 1px !important;border-bottom-color: #e7e7e7 !important;border-bottom-style: solid !important;}&#8221;][\/vc_column_inner][\/vc_row_inner][vc_row_inner content_placement=&#8221;middle&#8221;][vc_column_inner width=&#8221;2\/3&#8243;][vc_column_text] Equipo especialmente dise\u00f1ado para cumplir requerimientos de las autoridades ambientales [&hellip;]","og_url":"https:\/\/www.insumosambientales.com\/trampas-de-yeso\/","og_site_name":"Insumos ambientales","article_publisher":"https:\/\/es-la.facebook.com\/insumosambientales.limitada\/","article_modified_time":"2022-08-16T16:29:42+00:00","og_image":[{"url":"https:\/\/www.insumosambientales.com\/wp-content\/uploads\/2022\/06\/Imagen5-1.png","type":"","width":"","height":""}],"twitter_card":"summary_large_image","twitter_misc":{"Tiempo de lectura":"4 minutos"},"schema":{"@context":"https:\/\/schema.org","@graph":[{"@type":"WebPage","@id":"https:\/\/www.insumosambientales.com\/trampas-de-yeso\/","url":"https:\/\/www.insumosambientales.com\/trampas-de-yeso\/","name":"Trampa de Yeso | Insumos ambientales","isPartOf":{"@id":"https:\/\/www.insumosambientales.com\/trampas-de-yeso\/#website"},"primaryImageOfPage":{"@id":"https:\/\/www.insumosambientales.com\/trampas-de-yeso\/#primaryimage"},"image":{"@id":"https:\/\/www.insumosambientales.com\/trampas-de-yeso\/#primaryimage"},"thumbnailUrl":"https:\/\/www.insumosambientales.com\/wp-content\/uploads\/2022\/06\/Imagen5-1.png","datePublished":"2022-06-22T21:17:33+00:00","dateModified":"2022-08-16T16:29:42+00:00","breadcrumb":{"@id":"https:\/\/www.insumosambientales.com\/trampas-de-yeso\/#breadcrumb"},"inLanguage":"es-CO","potentialAction":[{"@type":"ReadAction","target":["https:\/\/www.insumosambientales.com\/trampas-de-yeso\/"]}]},{"@type":"ImageObject","inLanguage":"es-CO","@id":"https:\/\/www.insumosambientales.com\/trampas-de-yeso\/#primaryimage","url":"https:\/\/www.insumosambientales.com\/wp-content\/uploads\/2022\/06\/Imagen5-1.png","contentUrl":"https:\/\/www.insumosambientales.com\/wp-content\/uploads\/2022\/06\/Imagen5-1.png"},{"@type":"BreadcrumbList","@id":"https:\/\/www.insumosambientales.com\/trampas-de-yeso\/#breadcrumb","itemListElement":[{"@type":"ListItem","position":1,"name":"Inicio","item":"https:\/\/www.insumosambientales.com\/trampas-de-yeso\/"},{"@type":"ListItem","position":2,"name":"Trampa de Yeso"}]},{"@type":"WebSite","@id":"https:\/\/www.insumosambientales.com\/trampas-de-yeso\/#website","url":"https:\/\/www.insumosambientales.com\/trampas-de-yeso\/","name":"insumosambientales.com\/trampas-de-yeso\/","description":"Trampas de Grasas Medellin","publisher":{"@id":"https:\/\/www.insumosambientales.com\/trampas-de-yeso\/#organization"},"alternateName":"insumos ambientales","potentialAction":[{"@type":"SearchAction","target":{"@type":"EntryPoint","urlTemplate":"https:\/\/www.insumosambientales.com\/trampas-de-yeso\/?s={search_term_string}"},"query-input":{"@type":"PropertyValueSpecification","valueRequired":true,"valueName":"search_term_string"}}],"inLanguage":"es-CO"},{"@type":"Organization","@id":"https:\/\/www.insumosambientales.com\/trampas-de-yeso\/#organization","name":"Insumos ambientales","url":"https:\/\/www.insumosambientales.com\/trampas-de-yeso\/","logo":{"@type":"ImageObject","inLanguage":"es-CO","@id":"https:\/\/www.insumosambientales.com\/trampas-de-yeso\/#\/schema\/logo\/image\/","url":"https:\/\/www.insumosambientales.com\/trampas-de-yeso\/wp-content\/uploads\/2022\/05\/cropped-logo.webp","contentUrl":"https:\/\/www.insumosambientales.com\/trampas-de-yeso\/wp-content\/uploads\/2022\/05\/cropped-logo.webp","width":512,"height":512,"caption":"Insumos ambientales"},"image":{"@id":"https:\/\/www.insumosambientales.com\/trampas-de-yeso\/#\/schema\/logo\/image\/"},"sameAs":["https:\/\/es-la.facebook.com\/insumosambientales.limitada\/","https:\/\/www.instagram.com\/insumos_ambientales_s.a.s\/?hl=es-la"]}]}},"_links":{"self":[{"href":"https:\/\/www.insumosambientales.com\/trampas-de-yeso\/wp-json\/wp\/v2\/pages\/4479","targetHints":{"allow":["GET"]}}],"collection":[{"href":"https:\/\/www.insumosambientales.com\/trampas-de-yeso\/wp-json\/wp\/v2\/pages"}],"about":[{"href":"https:\/\/www.insumosambientales.com\/trampas-de-yeso\/wp-json\/wp\/v2\/types\/page"}],"author":[{"embeddable":true,"href":"https:\/\/www.insumosambientales.com\/trampas-de-yeso\/wp-json\/wp\/v2\/users\/1"}],"replies":[{"embeddable":true,"href":"https:\/\/www.insumosambientales.com\/trampas-de-yeso\/wp-json\/wp\/v2\/comments?post=4479"}],"version-history":[{"count":0,"href":"https:\/\/www.insumosambientales.com\/trampas-de-yeso\/wp-json\/wp\/v2\/pages\/4479\/revisions"}],"wp:attachment":[{"href":"https:\/\/www.insumosambientales.com\/trampas-de-yeso\/wp-json\/wp\/v2\/media?parent=4479"}],"curies":[{"name":"wp","href":"https:\/\/api.w.org\/{rel}","templated":true}]}}