{"id":4448,"date":"2022-06-22T15:44:44","date_gmt":"2022-06-22T20:44:44","guid":{"rendered":"https:\/\/www.insumosambientales.com\/?page_id=4448"},"modified":"2022-08-16T11:44:13","modified_gmt":"2022-08-16T16:44:13","slug":"tratamiento-biologico-bacterias-para-inoculacion","status":"publish","type":"page","link":"https:\/\/www.insumosambientales.com\/tratamiento-biologico\/","title":{"rendered":"Tratamiento Biol\u00f3gico \/ Bacterias para Inoculaci\u00f3n"},"content":{"rendered":"<p>[vc_row css=&#8221;.vc_custom_1655921723847{padding-top: 7% !important;}&#8221;][vc_column][vc_row_inner content_placement=&#8221;middle&#8221;][vc_column_inner][vc_custom_heading text=&#8221;Tratamiento Biol\u00f3gico \/ Bacterias para Inoculaci\u00f3n<br \/>\nPara Aguas Residuales&#8221; font_container=&#8221;tag:h2|font_size:2.125rem|text_align:left|color:%23100c82|line_height:1&#8243; use_theme_fonts=&#8221;yes&#8221; el_class=&#8221;mb-2&#8243;][vc_column_text]<\/p>\n<p style=\"text-align: justify;\">Insumos Ambientales S.A.S., trae al pa\u00eds un tratamiento Biol\u00f3gico (Biocontrol) que regula todos los pozos s\u00e9pticos, plantas de tratamiento de aguas residuales, trampas de grasas, ba\u00f1os m\u00f3viles, entre otros.<\/p>\n<p style=\"text-align: justify;\">El Biocontrol es un tratamiento compuesto de microorganismos naturalmente desarrollados y reforzados biol\u00f3gicamente para la r\u00e1pida y segura biodigesti\u00f3n de desechos org\u00e1nicos. Formulaci\u00f3n no pat\u00f3gena con facultades aerobias y anaerobias para m\u00faltiples aplicaciones industriales, institucionales y comerciales. Reduce la demanda biol\u00f3gica y qu\u00edmica de oxigeno (DBO, DQO), elimina los malos olores y gases acumulados, neutralizando su origen.<\/p>\n<p>[\/vc_column_text][\/vc_column_inner][\/vc_row_inner][vc_row_inner][vc_column_inner width=&#8221;1\/2&#8243;][vc_custom_heading text=&#8221;Beneficios&#8221; font_container=&#8221;tag:h2|font_size:1.2rem|text_align:left|color:%23100c82|line_height:1&#8243; use_theme_fonts=&#8221;yes&#8221; el_class=&#8221;mb-2&#8243; css=&#8221;.vc_custom_1660667730152{padding-bottom: 20px !important;}&#8221;]<style>#porto-info-list123804390869d0466ccdb6b i { color: #100c82;font-size: 20px; }<\/style><ul id=\"porto-info-list123804390869d0466ccdb6b\" class=\"porto-info-list \"><li class=\"porto-info-list-item\"><i class=\"porto-info-icon fas fa-chevron-circle-right\"><\/i><div class=\"porto-info-list-item-desc\">Reduce la necesidad de limpiezas frecuentes.<\/div><\/li><li class=\"porto-info-list-item\"><i class=\"porto-info-icon fas fa-chevron-circle-right\"><\/i><div class=\"porto-info-list-item-desc\">Disminuye la acumulaci\u00f3n de grasa.<\/div><\/li><li class=\"porto-info-list-item\"><i class=\"porto-info-icon fas fa-chevron-circle-right\"><\/i><div class=\"porto-info-list-item-desc\">Controla los olores.<\/div><\/li><li class=\"porto-info-list-item\"><i class=\"porto-info-icon fas fa-chevron-circle-right\"><\/i><div class=\"porto-info-list-item-desc\">Facilita las tareas de limpieza.<\/div><\/li><li class=\"porto-info-list-item\"><i class=\"porto-info-icon fas fa-chevron-circle-right\"><\/i><div class=\"porto-info-list-item-desc\">Reduce el DBO y DQO.<\/div><\/li><\/ul>[\/vc_column_inner][vc_column_inner width=&#8221;1\/2&#8243;][vc_single_image image=&#8221;4401&#8243; img_size=&#8221;full&#8221; alignment=&#8221;center&#8221;][\/vc_column_inner][\/vc_row_inner][vc_separator color=&#8221;custom&#8221; accent_color=&#8221;rgba(51,51,51,0.13)&#8221; css=&#8221;.vc_custom_1655922145862{margin-top: 40px !important;margin-bottom: 70px !important;}&#8221;][vc_row_inner content_placement=&#8221;middle&#8221;][vc_column_inner][vc_custom_heading text=&#8221;Problemas progresivos de taponamiento en tuber\u00edas industriales&#8221; font_container=&#8221;tag:h2|font_size:1.2rem|text_align:left|color:%23100c82|line_height:1&#8243; use_theme_fonts=&#8221;yes&#8221; el_class=&#8221;mb-2&#8243; css=&#8221;.vc_custom_1655927816892{padding-bottom: 20px !important;}&#8221;][vc_media_grid grid_id=&#8221;vc_gid:1660667825172-39a7ed7a-bb6e-10&#8243; include=&#8221;4411,4454,4455&#8243;][\/vc_column_inner][\/vc_row_inner][vc_separator color=&#8221;custom&#8221; accent_color=&#8221;rgba(51,51,51,0.13)&#8221; css=&#8221;.vc_custom_1655922145862{margin-top: 40px !important;margin-bottom: 70px !important;}&#8221;][vc_row_inner][vc_column_inner][vc_custom_heading text=&#8221;Usos en el sector Industrial, Agro y Hogar&#8221; font_container=&#8221;tag:h2|font_size:1.2rem|text_align:left|color:%23100c82|line_height:1&#8243; use_theme_fonts=&#8221;yes&#8221; el_class=&#8221;mb-2&#8243; css=&#8221;.vc_custom_1660668088879{padding-bottom: 20px !important;}&#8221;]<style>#porto-info-list105115792969d0466ccdfc8 i { color: #100c82;font-size: 20px; }<\/style><ul id=\"porto-info-list105115792969d0466ccdfc8\" class=\"porto-info-list \"><li class=\"porto-info-list-item\"><i class=\"porto-info-icon fas fa-chevron-circle-right\"><\/i><div class=\"porto-info-list-item-desc\">Trampas de Grasa y Yeso <\/div><\/li><li class=\"porto-info-list-item\"><i class=\"porto-info-icon fas fa-chevron-circle-right\"><\/i><div class=\"porto-info-list-item-desc\">Cafetines <\/div><\/li><li class=\"porto-info-list-item\"><i class=\"porto-info-icon fas fa-chevron-circle-right\"><\/i><div class=\"porto-info-list-item-desc\">Sifones de empresas relacionadas con industrias de alimentos (c\u00e1rnicos, l\u00e1cteos, panificadoras \u2013 reposter\u00edas, embotelladoras de bebidas, restaurantes, entre otros). <\/div><\/li><li class=\"porto-info-list-item\"><i class=\"porto-info-icon fas fa-chevron-circle-right\"><\/i><div class=\"porto-info-list-item-desc\">Todo tipo de sistema de pre-tratamiento (pozos s\u00e9pticos) <\/div><\/li><li class=\"porto-info-list-item\"><i class=\"porto-info-icon fas fa-chevron-circle-right\"><\/i><div class=\"porto-info-list-item-desc\">Sanitarios <\/div><\/li><li class=\"porto-info-list-item\"><i class=\"porto-info-icon fas fa-chevron-circle-right\"><\/i><div class=\"porto-info-list-item-desc\">Ductos de Aguas Residuales <\/div><\/li><li class=\"porto-info-list-item\"><i class=\"porto-info-icon fas fa-chevron-circle-right\"><\/i><div class=\"porto-info-list-item-desc\">Ca\u00f1er\u00edas <\/div><\/li><li class=\"porto-info-list-item\"><i class=\"porto-info-icon fas fa-chevron-circle-right\"><\/i><div class=\"porto-info-list-item-desc\">Rejillas Basureros municipales <\/div><\/li><li class=\"porto-info-list-item\"><i class=\"porto-info-icon fas fa-chevron-circle-right\"><\/i><div class=\"porto-info-list-item-desc\">Sifones de ba\u00f1os, patios y cocinas <\/div><\/li><li class=\"porto-info-list-item\"><i class=\"porto-info-icon fas fa-chevron-circle-right\"><\/i><div class=\"porto-info-list-item-desc\">Desag\u00fces de los lavados de corrales <\/div><\/li><li class=\"porto-info-list-item\"><i class=\"porto-info-icon fas fa-chevron-circle-right\"><\/i><div class=\"porto-info-list-item-desc\">Proyectos de Saneamiento B\u00e1sico <\/div><\/li><\/ul>[\/vc_column_inner][\/vc_row_inner][vc_separator color=&#8221;custom&#8221; accent_color=&#8221;rgba(51,51,51,0.13)&#8221; css=&#8221;.vc_custom_1655922145862{margin-top: 40px !important;margin-bottom: 70px !important;}&#8221;][vc_row_inner content_placement=&#8221;middle&#8221;][vc_column_inner][vc_custom_heading text=&#8221;Importancia del tratamiento Biol\u00f3gico &#8211; Biocontrol&#8221; font_container=&#8221;tag:h2|font_size:2.125rem|text_align:left|color:%23100c82|line_height:1&#8243; use_theme_fonts=&#8221;yes&#8221; el_class=&#8221;mb-2&#8243;][vc_column_text]El tratamiento Biol\u00f3gico es fundamental en los Sistemas S\u00e9pticos, debido a la r\u00e1pida acci\u00f3n y efectividad en eliminar la contaminaci\u00f3n del agua causada por desperdicios org\u00e1nicos y los malos olores que estos producen. Gran capacidad digestiva de desechos y residuos org\u00e1nicos como grasa, aceites, prote\u00ednas, papel higi\u00e9nico, entre otros. Mayor resistencia a qu\u00edmicos, cloros y detergentes, incluyendo \u00e1cidos y alcalinos.<\/p>\n<p><strong>DISTRIBUIMOS A TODOS LOS MUNICIPIOS DE COLOMBIA! <\/strong><br \/>\n[\/vc_column_text][\/vc_column_inner][\/vc_row_inner][vc_separator color=&#8221;custom&#8221; accent_color=&#8221;rgba(51,51,51,0.13)&#8221; css=&#8221;.vc_custom_1655922145862{margin-top: 40px !important;margin-bottom: 70px !important;}&#8221;][vc_row_inner content_placement=&#8221;middle&#8221;][vc_column_inner][vc_custom_heading text=&#8221;Aplicaci\u00f3n del producto&#8221; font_container=&#8221;tag:h2|font_size:2.125rem|text_align:left|color:%23100c82|line_height:1&#8243; use_theme_fonts=&#8221;yes&#8221; el_class=&#8221;mb-2&#8243; css=&#8221;.vc_custom_1657661307085{padding-bottom: 20px !important;}&#8221;][vc_media_grid element_width=&#8221;2&#8243; gap=&#8221;10&#8243; grid_id=&#8221;vc_gid:1660667825177-f2398fb3-65d4-4&#8243; include=&#8221;4560,4561,4562,4563,4564,4559&#8243;][\/vc_column_inner][\/vc_row_inner][\/vc_column][\/vc_row]<\/p>\n","protected":false},"excerpt":{"rendered":"<p>[vc_row css=&#8221;.vc_custom_1655921723847{padding-top: 7% !important;}&#8221;][vc_column][vc_row_inner content_placement=&#8221;middle&#8221;][vc_column_inner][vc_custom_heading text=&#8221;Tratamiento Biol\u00f3gico \/ Bacterias para Inoculaci\u00f3n Para Aguas Residuales&#8221; font_container=&#8221;tag:h2|font_size:2.125rem|text_align:left|color:%23100c82|line_height:1&#8243; use_theme_fonts=&#8221;yes&#8221; el_class=&#8221;mb-2&#8243;][vc_column_text] Insumos Ambientales S.A.S., trae al pa\u00eds un tratamiento Biol\u00f3gico (Biocontrol) que regula todos los pozos s\u00e9pticos, plantas de tratamiento de aguas residuales, trampas de grasas, ba\u00f1os m\u00f3viles, entre otros. El Biocontrol es un tratamiento compuesto de microorganismos naturalmente [&hellip;]<\/p>\n","protected":false},"author":1,"featured_media":0,"parent":0,"menu_order":0,"comment_status":"closed","ping_status":"closed","template":"","meta":{"footnotes":""},"class_list":["post-4448","page","type-page","status-publish","hentry"],"yoast_head":"<!-- This site is optimized with the Yoast SEO plugin v27.1.1 - https:\/\/yoast.com\/product\/yoast-seo-wordpress\/ -->\n<title>Tratamiento Biol\u00f3gico \/ Bacterias para Inoculaci\u00f3n | Insumos ambientales<\/title>\n<meta name=\"robots\" content=\"index, follow, max-snippet:-1, max-image-preview:large, max-video-preview:-1\" \/>\n<link rel=\"canonical\" href=\"https:\/\/www.insumosambientales.com\/tratamiento-biologico\/\" \/>\n<meta property=\"og:locale\" content=\"es_ES\" \/>\n<meta property=\"og:type\" content=\"article\" \/>\n<meta property=\"og:title\" content=\"Tratamiento Biol\u00f3gico \/ Bacterias para Inoculaci\u00f3n | Insumos ambientales\" \/>\n<meta property=\"og:description\" content=\"[vc_row css=&#8221;.vc_custom_1655921723847{padding-top: 7% !important;}&#8221;][vc_column][vc_row_inner content_placement=&#8221;middle&#8221;][vc_column_inner][vc_custom_heading text=&#8221;Tratamiento Biol\u00f3gico \/ Bacterias para Inoculaci\u00f3n Para Aguas Residuales&#8221; font_container=&#8221;tag:h2|font_size:2.125rem|text_align:left|color:%23100c82|line_height:1&#8243; use_theme_fonts=&#8221;yes&#8221; el_class=&#8221;mb-2&#8243;][vc_column_text] Insumos Ambientales S.A.S., trae al pa\u00eds un tratamiento Biol\u00f3gico (Biocontrol) que regula todos los pozos s\u00e9pticos, plantas de tratamiento de aguas residuales, trampas de grasas, ba\u00f1os m\u00f3viles, entre otros. El Biocontrol es un tratamiento compuesto de microorganismos naturalmente [&hellip;]\" \/>\n<meta property=\"og:url\" content=\"https:\/\/www.insumosambientales.com\/tratamiento-biologico\/\" \/>\n<meta property=\"og:site_name\" content=\"Insumos ambientales\" \/>\n<meta property=\"article:publisher\" content=\"https:\/\/es-la.facebook.com\/insumosambientales.limitada\/\" \/>\n<meta property=\"article:modified_time\" content=\"2022-08-16T16:44:13+00:00\" \/>\n<meta property=\"og:image\" content=\"https:\/\/www.insumosambientales.com\/tratamiento-biologico\/wp-content\/uploads\/2022\/05\/logo.webp\" \/>\n\t<meta property=\"og:image:width\" content=\"352\" \/>\n\t<meta property=\"og:image:height\" content=\"179\" \/>\n\t<meta property=\"og:image:type\" content=\"image\/webp\" \/>\n<meta name=\"twitter:card\" content=\"summary_large_image\" \/>\n<meta name=\"twitter:label1\" content=\"Tiempo de lectura\" \/>\n\t<meta name=\"twitter:data1\" content=\"5 minutos\" \/>\n<script type=\"application\/ld+json\" class=\"yoast-schema-graph\">{\"@context\":\"https:\/\/schema.org\",\"@graph\":[{\"@type\":\"WebPage\",\"@id\":\"https:\/\/www.insumosambientales.com\/tratamiento-biologico\/\",\"url\":\"https:\/\/www.insumosambientales.com\/tratamiento-biologico\/\",\"name\":\"Tratamiento Biol\u00f3gico \/ Bacterias para Inoculaci\u00f3n | Insumos ambientales\",\"isPartOf\":{\"@id\":\"https:\/\/www.insumosambientales.com\/tratamiento-biologico\/#website\"},\"datePublished\":\"2022-06-22T20:44:44+00:00\",\"dateModified\":\"2022-08-16T16:44:13+00:00\",\"breadcrumb\":{\"@id\":\"https:\/\/www.insumosambientales.com\/tratamiento-biologico\/#breadcrumb\"},\"inLanguage\":\"es-CO\",\"potentialAction\":[{\"@type\":\"ReadAction\",\"target\":[\"https:\/\/www.insumosambientales.com\/tratamiento-biologico\/\"]}]},{\"@type\":\"BreadcrumbList\",\"@id\":\"https:\/\/www.insumosambientales.com\/tratamiento-biologico\/#breadcrumb\",\"itemListElement\":[{\"@type\":\"ListItem\",\"position\":1,\"name\":\"Inicio\",\"item\":\"https:\/\/www.insumosambientales.com\/tratamiento-biologico\/\"},{\"@type\":\"ListItem\",\"position\":2,\"name\":\"Tratamiento Biol\u00f3gico \/ Bacterias para Inoculaci\u00f3n\"}]},{\"@type\":\"WebSite\",\"@id\":\"https:\/\/www.insumosambientales.com\/tratamiento-biologico\/#website\",\"url\":\"https:\/\/www.insumosambientales.com\/tratamiento-biologico\/\",\"name\":\"insumosambientales.com\",\"description\":\"Trampas de Grasas Medellin\",\"publisher\":{\"@id\":\"https:\/\/www.insumosambientales.com\/tratamiento-biologico\/#organization\"},\"alternateName\":\"insumos ambientales\",\"potentialAction\":[{\"@type\":\"SearchAction\",\"target\":{\"@type\":\"EntryPoint\",\"urlTemplate\":\"https:\/\/www.insumosambientales.com\/tratamiento-biologico\/?s={search_term_string}\"},\"query-input\":{\"@type\":\"PropertyValueSpecification\",\"valueRequired\":true,\"valueName\":\"search_term_string\"}}],\"inLanguage\":\"es-CO\"},{\"@type\":\"Organization\",\"@id\":\"https:\/\/www.insumosambientales.com\/tratamiento-biologico\/#organization\",\"name\":\"Insumos ambientales\",\"url\":\"https:\/\/www.insumosambientales.com\/tratamiento-biologico\/\",\"logo\":{\"@type\":\"ImageObject\",\"inLanguage\":\"es-CO\",\"@id\":\"https:\/\/www.insumosambientales.com\/tratamiento-biologico\/#\/schema\/logo\/image\/\",\"url\":\"https:\/\/www.insumosambientales.com\/wp-content\/uploads\/2022\/05\/logo.webp\",\"contentUrl\":\"https:\/\/www.insumosambientales.com\/wp-content\/uploads\/2022\/05\/logo.webp\",\"width\":352,\"height\":179,\"caption\":\"Insumos ambientales\"},\"image\":{\"@id\":\"https:\/\/www.insumosambientales.com\/tratamiento-biologico\/#\/schema\/logo\/image\/\"},\"sameAs\":[\"https:\/\/es-la.facebook.com\/insumosambientales.limitada\/\",\"https:\/\/www.instagram.com\/insumos_ambientales_s.a.s\/?hl=es-la\"]}]}<\/script>\n<!-- \/ Yoast SEO plugin. -->","yoast_head_json":{"title":"Tratamiento Biol\u00f3gico \/ Bacterias para Inoculaci\u00f3n | Insumos ambientales","robots":{"index":"index","follow":"follow","max-snippet":"max-snippet:-1","max-image-preview":"max-image-preview:large","max-video-preview":"max-video-preview:-1"},"canonical":"https:\/\/www.insumosambientales.com\/tratamiento-biologico\/","og_locale":"es_ES","og_type":"article","og_title":"Tratamiento Biol\u00f3gico \/ Bacterias para Inoculaci\u00f3n | Insumos ambientales","og_description":"[vc_row css=&#8221;.vc_custom_1655921723847{padding-top: 7% !important;}&#8221;][vc_column][vc_row_inner content_placement=&#8221;middle&#8221;][vc_column_inner][vc_custom_heading text=&#8221;Tratamiento Biol\u00f3gico \/ Bacterias para Inoculaci\u00f3n Para Aguas Residuales&#8221; font_container=&#8221;tag:h2|font_size:2.125rem|text_align:left|color:%23100c82|line_height:1&#8243; use_theme_fonts=&#8221;yes&#8221; el_class=&#8221;mb-2&#8243;][vc_column_text] Insumos Ambientales S.A.S., trae al pa\u00eds un tratamiento Biol\u00f3gico (Biocontrol) que regula todos los pozos s\u00e9pticos, plantas de tratamiento de aguas residuales, trampas de grasas, ba\u00f1os m\u00f3viles, entre otros. El Biocontrol es un tratamiento compuesto de microorganismos naturalmente [&hellip;]","og_url":"https:\/\/www.insumosambientales.com\/tratamiento-biologico\/","og_site_name":"Insumos ambientales","article_publisher":"https:\/\/es-la.facebook.com\/insumosambientales.limitada\/","article_modified_time":"2022-08-16T16:44:13+00:00","og_image":[{"width":352,"height":179,"url":"https:\/\/www.insumosambientales.com\/tratamiento-biologico\/wp-content\/uploads\/2022\/05\/logo.webp","type":"image\/webp"}],"twitter_card":"summary_large_image","twitter_misc":{"Tiempo de lectura":"5 minutos"},"schema":{"@context":"https:\/\/schema.org","@graph":[{"@type":"WebPage","@id":"https:\/\/www.insumosambientales.com\/tratamiento-biologico\/","url":"https:\/\/www.insumosambientales.com\/tratamiento-biologico\/","name":"Tratamiento Biol\u00f3gico \/ Bacterias para Inoculaci\u00f3n | Insumos ambientales","isPartOf":{"@id":"https:\/\/www.insumosambientales.com\/tratamiento-biologico\/#website"},"datePublished":"2022-06-22T20:44:44+00:00","dateModified":"2022-08-16T16:44:13+00:00","breadcrumb":{"@id":"https:\/\/www.insumosambientales.com\/tratamiento-biologico\/#breadcrumb"},"inLanguage":"es-CO","potentialAction":[{"@type":"ReadAction","target":["https:\/\/www.insumosambientales.com\/tratamiento-biologico\/"]}]},{"@type":"BreadcrumbList","@id":"https:\/\/www.insumosambientales.com\/tratamiento-biologico\/#breadcrumb","itemListElement":[{"@type":"ListItem","position":1,"name":"Inicio","item":"https:\/\/www.insumosambientales.com\/tratamiento-biologico\/"},{"@type":"ListItem","position":2,"name":"Tratamiento Biol\u00f3gico \/ Bacterias para Inoculaci\u00f3n"}]},{"@type":"WebSite","@id":"https:\/\/www.insumosambientales.com\/tratamiento-biologico\/#website","url":"https:\/\/www.insumosambientales.com\/tratamiento-biologico\/","name":"insumosambientales.com","description":"Trampas de Grasas Medellin","publisher":{"@id":"https:\/\/www.insumosambientales.com\/tratamiento-biologico\/#organization"},"alternateName":"insumos ambientales","potentialAction":[{"@type":"SearchAction","target":{"@type":"EntryPoint","urlTemplate":"https:\/\/www.insumosambientales.com\/tratamiento-biologico\/?s={search_term_string}"},"query-input":{"@type":"PropertyValueSpecification","valueRequired":true,"valueName":"search_term_string"}}],"inLanguage":"es-CO"},{"@type":"Organization","@id":"https:\/\/www.insumosambientales.com\/tratamiento-biologico\/#organization","name":"Insumos ambientales","url":"https:\/\/www.insumosambientales.com\/tratamiento-biologico\/","logo":{"@type":"ImageObject","inLanguage":"es-CO","@id":"https:\/\/www.insumosambientales.com\/tratamiento-biologico\/#\/schema\/logo\/image\/","url":"https:\/\/www.insumosambientales.com\/wp-content\/uploads\/2022\/05\/logo.webp","contentUrl":"https:\/\/www.insumosambientales.com\/wp-content\/uploads\/2022\/05\/logo.webp","width":352,"height":179,"caption":"Insumos ambientales"},"image":{"@id":"https:\/\/www.insumosambientales.com\/tratamiento-biologico\/#\/schema\/logo\/image\/"},"sameAs":["https:\/\/es-la.facebook.com\/insumosambientales.limitada\/","https:\/\/www.instagram.com\/insumos_ambientales_s.a.s\/?hl=es-la"]}]}},"_links":{"self":[{"href":"https:\/\/www.insumosambientales.com\/tratamiento-biologico\/wp-json\/wp\/v2\/pages\/4448","targetHints":{"allow":["GET"]}}],"collection":[{"href":"https:\/\/www.insumosambientales.com\/tratamiento-biologico\/wp-json\/wp\/v2\/pages"}],"about":[{"href":"https:\/\/www.insumosambientales.com\/tratamiento-biologico\/wp-json\/wp\/v2\/types\/page"}],"author":[{"embeddable":true,"href":"https:\/\/www.insumosambientales.com\/tratamiento-biologico\/wp-json\/wp\/v2\/users\/1"}],"replies":[{"embeddable":true,"href":"https:\/\/www.insumosambientales.com\/tratamiento-biologico\/wp-json\/wp\/v2\/comments?post=4448"}],"version-history":[{"count":0,"href":"https:\/\/www.insumosambientales.com\/tratamiento-biologico\/wp-json\/wp\/v2\/pages\/4448\/revisions"}],"wp:attachment":[{"href":"https:\/\/www.insumosambientales.com\/tratamiento-biologico\/wp-json\/wp\/v2\/media?parent=4448"}],"curies":[{"name":"wp","href":"https:\/\/api.w.org\/{rel}","templated":true}]}}